{"id":275,"date":"2025-06-19T10:49:20","date_gmt":"2025-06-19T10:49:20","guid":{"rendered":"https:\/\/lidkopingutvecklas.se\/?page_id=275"},"modified":"2025-06-19T10:52:08","modified_gmt":"2025-06-19T10:52:08","slug":"nytt-avloppsreningsverk-ska-oka-kapaciteten-och-bidra-till-lidkopings-utveckling","status":"publish","type":"page","link":"https:\/\/lidkopingutvecklas.se\/index.php\/nytt-avloppsreningsverk-ska-oka-kapaciteten-och-bidra-till-lidkopings-utveckling\/","title":{"rendered":"Nytt avloppsreningsverk ska \u00f6ka kapaciteten och bidra till Lidk\u00f6pings utveckling"},"content":{"rendered":"\t\t<div data-elementor-type=\"wp-page\" data-elementor-id=\"275\" class=\"elementor elementor-275\" data-elementor-post-type=\"page\">\n\t\t\t\t<div class=\"elementor-element elementor-element-72930b6e e-flex e-con-boxed e-con e-parent\" data-id=\"72930b6e\" data-element_type=\"container\" data-e-type=\"container\">\n\t\t\t\t\t<div class=\"e-con-inner\">\n\t\t\t\t<div class=\"elementor-element elementor-element-165d76f8 elementor-widget elementor-widget-heading\" data-id=\"165d76f8\" data-element_type=\"widget\" data-e-type=\"widget\" data-widget_type=\"heading.default\">\n\t\t\t\t<div class=\"elementor-widget-container\">\n\t\t\t\t\t<h1 class=\"elementor-heading-title elementor-size-default\">Nytt avloppsreningsverk ska \u00f6ka kapaciteten och bidra till Lidk\u00f6pings utveckling<\/h1>\t\t\t\t<\/div>\n\t\t\t\t<\/div>\n\t\t\t\t<div class=\"elementor-element elementor-element-2e3041aa elementor-widget elementor-widget-theme-post-featured-image elementor-widget-image\" data-id=\"2e3041aa\" data-element_type=\"widget\" data-e-type=\"widget\" data-widget_type=\"theme-post-featured-image.default\">\n\t\t\t\t<div class=\"elementor-widget-container\">\n\t\t\t\t\t\t\t\t\t\t\t\t<figure class=\"wp-caption\">\n\t\t\t\t\t\t\t\t\t\t<img fetchpriority=\"high\" decoding=\"async\" width=\"2048\" height=\"1365\" src=\"https:\/\/lidkopingutvecklas.se\/wp-content\/uploads\/2025\/06\/angens-avloppsreningsverk.webp\" class=\"attachment-full size-full wp-image-66\" alt=\"\" srcset=\"https:\/\/lidkopingutvecklas.se\/wp-content\/uploads\/2025\/06\/angens-avloppsreningsverk.webp 2048w, https:\/\/lidkopingutvecklas.se\/wp-content\/uploads\/2025\/06\/angens-avloppsreningsverk-300x200.webp 300w, https:\/\/lidkopingutvecklas.se\/wp-content\/uploads\/2025\/06\/angens-avloppsreningsverk-1024x683.webp 1024w, https:\/\/lidkopingutvecklas.se\/wp-content\/uploads\/2025\/06\/angens-avloppsreningsverk-768x512.webp 768w, https:\/\/lidkopingutvecklas.se\/wp-content\/uploads\/2025\/06\/angens-avloppsreningsverk-1536x1024.webp 1536w\" sizes=\"(max-width: 2048px) 100vw, 2048px\" \/>\t\t\t\t\t\t\t\t\t\t\t<figcaption class=\"widget-image-caption wp-caption-text\">Visionsbild \u00f6ver \u00c4ngens avloppsreningsverk som ber\u00e4knas vara i drift 2029.<\/figcaption>\n\t\t\t\t\t\t\t\t\t\t<\/figure>\n\t\t\t\t\t\t\t\t\t<\/div>\n\t\t\t\t<\/div>\n\t\t\t\t\t<\/div>\n\t\t\t\t<\/div>\n\t\t<div class=\"elementor-element elementor-element-57113e2e e-flex e-con-boxed e-con e-parent\" data-id=\"57113e2e\" data-element_type=\"container\" data-e-type=\"container\">\n\t\t\t\t\t<div class=\"e-con-inner\">\n\t\t\t\t<div class=\"elementor-element elementor-element-32058bbd elementor-widget elementor-widget-text-editor\" data-id=\"32058bbd\" data-element_type=\"widget\" data-e-type=\"widget\" data-widget_type=\"text-editor.default\">\n\t\t\t\t<div class=\"elementor-widget-container\">\n\t\t\t\t\t\t\t\t\t<p>Avancerad avloppsvattenhantering \u00e4r avg\u00f6rande f\u00f6r den snabba befolkningsutveckling som kommunen st\u00e5r inf\u00f6r.\u00a0 D\u00e4rf\u00f6r planeras nu ett nytt reningsverk med h\u00f6g kapacitet som klarar h\u00f6ga milj\u00f6krav och kan bidra med rent vatten till nuvarande och framtida generationer.<\/p>\t\t\t\t\t\t\t\t<\/div>\n\t\t\t\t<\/div>\n\t\t\t\t<div class=\"elementor-element elementor-element-a3c13da elementor-widget elementor-widget-text-editor\" data-id=\"a3c13da\" data-element_type=\"widget\" data-e-type=\"widget\" data-widget_type=\"text-editor.default\">\n\t\t\t\t<div class=\"elementor-widget-container\">\n\t\t\t\t\t\t\t\t\t<p class=\"p1\">Det nuvarande avloppsreningsverket ligger n\u00e4ra Framn\u00e4s strandpark inte l\u00e5ngt fr\u00e5n V\u00e4nerns strand, vilket \u00e4r ol\u00e4mpligt av flera sk\u00e4l. Dels f\u00f6r att avloppsreningsverket inte passar in i den nya stadsdelen, men \u00e4ven med tanke p\u00e5 n\u00e4rheten till vattnet med risk f\u00f6r \u00f6versv\u00e4mning. Dessutom \u00e4r det befintliga reningsverket gammalt och slitet och har f\u00f6r l\u00e5g kapacitet. Det klarar helt enkelt inte tuff lagstiftning och nya utsl\u00e4ppskrav. Det handlar om kvalitet, ny teknik, b\u00e4ttre milj\u00f6 och renare vatten.<\/p><p class=\"p3\">\u2013 Detta \u00e4r kommunens st\u00f6rsta investering genom tiderna, s\u00e4ger Annika Malm, vd f\u00f6r Lidk\u00f6pings Milj\u00f6 och Teknik. Det nya reningsverket ska ta form strax utanf\u00f6r Hovby.<\/p>\t\t\t\t\t\t\t\t<\/div>\n\t\t\t\t<\/div>\n\t\t\t\t<div class=\"elementor-element elementor-element-5f18c0fa elementor-widget elementor-widget-image\" data-id=\"5f18c0fa\" data-element_type=\"widget\" data-e-type=\"widget\" data-widget_type=\"image.default\">\n\t\t\t\t<div class=\"elementor-widget-container\">\n\t\t\t\t\t\t\t\t\t\t\t\t<figure class=\"wp-caption\">\n\t\t\t\t\t\t\t\t\t\t<img decoding=\"async\" width=\"2048\" height=\"1365\" src=\"https:\/\/lidkopingutvecklas.se\/wp-content\/uploads\/2025\/06\/Annika-Malm.webp\" class=\"attachment-full size-full wp-image-67\" alt=\"\" srcset=\"https:\/\/lidkopingutvecklas.se\/wp-content\/uploads\/2025\/06\/Annika-Malm.webp 2048w, https:\/\/lidkopingutvecklas.se\/wp-content\/uploads\/2025\/06\/Annika-Malm-300x200.webp 300w, https:\/\/lidkopingutvecklas.se\/wp-content\/uploads\/2025\/06\/Annika-Malm-1024x683.webp 1024w, https:\/\/lidkopingutvecklas.se\/wp-content\/uploads\/2025\/06\/Annika-Malm-768x512.webp 768w, https:\/\/lidkopingutvecklas.se\/wp-content\/uploads\/2025\/06\/Annika-Malm-1536x1024.webp 1536w\" sizes=\"(max-width: 2048px) 100vw, 2048px\" \/>\t\t\t\t\t\t\t\t\t\t\t<figcaption class=\"widget-image-caption wp-caption-text\">Annika Malm \u00e4r vd f\u00f6r Lidk\u00f6pings Milj\u00f6 och Teknik.<\/figcaption>\n\t\t\t\t\t\t\t\t\t\t<\/figure>\n\t\t\t\t\t\t\t\t\t<\/div>\n\t\t\t\t<\/div>\n\t\t\t\t<div class=\"elementor-element elementor-element-34d5f0e4 elementor-widget elementor-widget-text-editor\" data-id=\"34d5f0e4\" data-element_type=\"widget\" data-e-type=\"widget\" data-widget_type=\"text-editor.default\">\n\t\t\t\t<div class=\"elementor-widget-container\">\n\t\t\t\t\t\t\t\t\t<p class=\"p1\">\u2013 Vi har en mycket h\u00f6g ambitionsniv\u00e5 n\u00e4r det g\u00e4ller milj\u00f6p\u00e5verkan. Med \u00f6kad kapacitet och b\u00e4ttre rening s\u00e4kerst\u00e4ller vi att nuvarande<span class=\"Apple-converted-space\">\u00a0 <\/span>och framtida generationer kan bo i Lidk\u00f6ping och njuta av rent vatten i Lidan och V\u00e4nern.<\/p><p class=\"p3\"><i><b>N\u00e4r p\u00e5b\u00f6rjas det nya bygget och n\u00e4r kan det vara i drift?<br \/><\/b><\/i>\u2013 Ambitionen \u00e4r att det ska vara i full drift i mars 2029, vilket betyder att byggandet planeras s\u00e4tta ig\u00e5ng under senare halvan av 2026. Innan dess g\u00f6r vi en hel del ledningsdragningar i olika delar av staden, s\u00e4ger Annika Malm.<\/p>\t\t\t\t\t\t\t\t<\/div>\n\t\t\t\t<\/div>\n\t\t\t\t<div class=\"elementor-element elementor-element-29fb69e4 elementor-widget elementor-widget-text-editor\" data-id=\"29fb69e4\" data-element_type=\"widget\" data-e-type=\"widget\" data-widget_type=\"text-editor.default\">\n\t\t\t\t<div class=\"elementor-widget-container\">\n\t\t\t\t\t\t\t\t\t<p>Text: Anders Post<br \/>Visionsbild &amp; foto: Lidk\u00f6ping milj\u00f6 och teknik<\/p>\t\t\t\t\t\t\t\t<\/div>\n\t\t\t\t<\/div>\n\t\t\t\t\t<\/div>\n\t\t\t\t<\/div>\n\t\t<div class=\"elementor-element elementor-element-4786583d e-flex e-con-boxed e-con e-parent\" data-id=\"4786583d\" data-element_type=\"container\" data-e-type=\"container\" data-settings=\"{&quot;background_background&quot;:&quot;classic&quot;}\">\n\t\t\t\t\t<div class=\"e-con-inner\">\n\t\t<div class=\"elementor-element elementor-element-3aa1b0a0 e-con-full e-flex e-con e-child\" data-id=\"3aa1b0a0\" data-element_type=\"container\" data-e-type=\"container\" data-settings=\"{&quot;background_background&quot;:&quot;classic&quot;}\">\n\t\t\t\t<div class=\"elementor-element elementor-element-35f80839 elementor-widget elementor-widget-heading\" data-id=\"35f80839\" data-element_type=\"widget\" data-e-type=\"widget\" data-widget_type=\"heading.default\">\n\t\t\t\t<div class=\"elementor-widget-container\">\n\t\t\t\t\t<h2 class=\"elementor-heading-title elementor-size-default\">Fakta om nya reningsverket, som ska:<\/h2>\t\t\t\t<\/div>\n\t\t\t\t<\/div>\n\t\t\t\t<div class=\"elementor-element elementor-element-f19786 elementor-widget elementor-widget-text-editor\" data-id=\"f19786\" data-element_type=\"widget\" data-e-type=\"widget\" data-widget_type=\"text-editor.default\">\n\t\t\t\t<div class=\"elementor-widget-container\">\n\t\t\t\t\t\t\t\t\t<p class=\"p1\">Minska utsl\u00e4pp av l\u00e4kemedelsrester, mikroplaster och andra mikrof\u00f6roreningar f\u00f6r att fr\u00e4mja ekosystemtj\u00e4nsterna i Lidan och V\u00e4nern.<\/p><p class=\"p1\">\u00d6ka resurs\u00e5tervinningen av n\u00e4rings\u00e4mnen, i synnerhet fosfor.<\/p><p class=\"p1\">Ha h\u00f6g energieffektivitet med m\u00e5let att all energi som f\u00f6rbrukas vid verket ocks\u00e5 ska framst\u00e4llas d\u00e4r genom bland annat biogastillverkning och v\u00e4rme\u00e5tervinning ur avloppsvattnet.<\/p>\t\t\t\t\t\t\t\t<\/div>\n\t\t\t\t<\/div>\n\t\t\t\t<\/div>\n\t\t\t\t\t<\/div>\n\t\t\t\t<\/div>\n\t\t<div class=\"elementor-element elementor-element-d66501a e-flex e-con-boxed e-con e-parent\" data-id=\"d66501a\" data-element_type=\"container\" data-e-type=\"container\">\n\t\t\t\t\t<div class=\"e-con-inner\">\n\t\t\t\t<div class=\"elementor-element elementor-element-40b183dc elementor-widget elementor-widget-heading\" data-id=\"40b183dc\" data-element_type=\"widget\" data-e-type=\"widget\" data-widget_type=\"heading.default\">\n\t\t\t\t<div class=\"elementor-widget-container\">\n\t\t\t\t\t<h3 class=\"elementor-heading-title elementor-size-default\">Dela artikeln<\/h3>\t\t\t\t<\/div>\n\t\t\t\t<\/div>\n\t\t\t\t<div class=\"elementor-element elementor-element-380d943b elementor-share-buttons--view-icon elementor-share-buttons--skin-minimal elementor-share-buttons--shape-circle elementor-share-buttons--color-custom elementor-grid-0 elementor-widget elementor-widget-share-buttons\" data-id=\"380d943b\" data-element_type=\"widget\" data-e-type=\"widget\" data-widget_type=\"share-buttons.default\">\n\t\t\t\t<div class=\"elementor-widget-container\">\n\t\t\t\t\t\t\t<div class=\"elementor-grid\" role=\"list\">\n\t\t\t\t\t\t\t\t<div class=\"elementor-grid-item\" role=\"listitem\">\n\t\t\t\t\t\t<div class=\"elementor-share-btn elementor-share-btn_email\" role=\"button\" tabindex=\"0\" aria-label=\"Dela p\u00e5 email\">\n\t\t\t\t\t\t\t\t\t\t\t\t\t\t\t<span class=\"elementor-share-btn__icon\">\n\t\t\t\t\t\t\t\t<svg aria-hidden=\"true\" class=\"e-font-icon-svg e-fas-envelope\" viewBox=\"0 0 512 512\" xmlns=\"http:\/\/www.w3.org\/2000\/svg\"><path d=\"M502.3 190.8c3.9-3.1 9.7-.2 9.7 4.7V400c0 26.5-21.5 48-48 48H48c-26.5 0-48-21.5-48-48V195.6c0-5 5.7-7.8 9.7-4.7 22.4 17.4 52.1 39.5 154.1 113.6 21.1 15.4 56.7 47.8 92.2 47.6 35.7.3 72-32.8 92.3-47.6 102-74.1 131.6-96.3 154-113.7zM256 320c23.2.4 56.6-29.2 73.4-41.4 132.7-96.3 142.8-104.7 173.4-128.7 5.8-4.5 9.2-11.5 9.2-18.9v-19c0-26.5-21.5-48-48-48H48C21.5 64 0 85.5 0 112v19c0 7.4 3.4 14.3 9.2 18.9 30.6 23.9 40.7 32.4 173.4 128.7 16.8 12.2 50.2 41.8 73.4 41.4z\"><\/path><\/svg>\t\t\t\t\t\t\t<\/span>\n\t\t\t\t\t\t\t\t\t\t\t\t\t\t\t\t\t\t\t\t<\/div>\n\t\t\t\t\t<\/div>\n\t\t\t\t\t\t\t\t\t<div class=\"elementor-grid-item\" role=\"listitem\">\n\t\t\t\t\t\t<div class=\"elementor-share-btn elementor-share-btn_facebook\" role=\"button\" tabindex=\"0\" aria-label=\"Dela p\u00e5 facebook\">\n\t\t\t\t\t\t\t\t\t\t\t\t\t\t\t<span class=\"elementor-share-btn__icon\">\n\t\t\t\t\t\t\t\t<svg aria-hidden=\"true\" class=\"e-font-icon-svg e-fab-facebook\" viewBox=\"0 0 512 512\" xmlns=\"http:\/\/www.w3.org\/2000\/svg\"><path d=\"M504 256C504 119 393 8 256 8S8 119 8 256c0 123.78 90.69 226.38 209.25 245V327.69h-63V256h63v-54.64c0-62.15 37-96.48 93.67-96.48 27.14 0 55.52 4.84 55.52 4.84v61h-31.28c-30.8 0-40.41 19.12-40.41 38.73V256h68.78l-11 71.69h-57.78V501C413.31 482.38 504 379.78 504 256z\"><\/path><\/svg>\t\t\t\t\t\t\t<\/span>\n\t\t\t\t\t\t\t\t\t\t\t\t\t\t\t\t\t\t\t\t<\/div>\n\t\t\t\t\t<\/div>\n\t\t\t\t\t\t\t\t\t<div class=\"elementor-grid-item\" role=\"listitem\">\n\t\t\t\t\t\t<div class=\"elementor-share-btn elementor-share-btn_x-twitter\" role=\"button\" tabindex=\"0\" aria-label=\"Dela p\u00e5 x-twitter\">\n\t\t\t\t\t\t\t\t\t\t\t\t\t\t\t<span class=\"elementor-share-btn__icon\">\n\t\t\t\t\t\t\t\t<svg aria-hidden=\"true\" class=\"e-font-icon-svg e-fab-x-twitter\" viewBox=\"0 0 512 512\" xmlns=\"http:\/\/www.w3.org\/2000\/svg\"><path d=\"M389.2 48h70.6L305.6 224.2 487 464H345L233.7 318.6 106.5 464H35.8L200.7 275.5 26.8 48H172.4L272.9 180.9 389.2 48zM364.4 421.8h39.1L151.1 88h-42L364.4 421.8z\"><\/path><\/svg>\t\t\t\t\t\t\t<\/span>\n\t\t\t\t\t\t\t\t\t\t\t\t\t\t\t\t\t\t\t\t<\/div>\n\t\t\t\t\t<\/div>\n\t\t\t\t\t\t\t\t\t<div class=\"elementor-grid-item\" role=\"listitem\">\n\t\t\t\t\t\t<div class=\"elementor-share-btn elementor-share-btn_linkedin\" role=\"button\" tabindex=\"0\" aria-label=\"Dela p\u00e5 linkedin\">\n\t\t\t\t\t\t\t\t\t\t\t\t\t\t\t<span class=\"elementor-share-btn__icon\">\n\t\t\t\t\t\t\t\t<svg aria-hidden=\"true\" class=\"e-font-icon-svg e-fab-linkedin\" viewBox=\"0 0 448 512\" xmlns=\"http:\/\/www.w3.org\/2000\/svg\"><path d=\"M416 32H31.9C14.3 32 0 46.5 0 64.3v383.4C0 465.5 14.3 480 31.9 480H416c17.6 0 32-14.5 32-32.3V64.3c0-17.8-14.4-32.3-32-32.3zM135.4 416H69V202.2h66.5V416zm-33.2-243c-21.3 0-38.5-17.3-38.5-38.5S80.9 96 102.2 96c21.2 0 38.5 17.3 38.5 38.5 0 21.3-17.2 38.5-38.5 38.5zm282.1 243h-66.4V312c0-24.8-.5-56.7-34.5-56.7-34.6 0-39.9 27-39.9 54.9V416h-66.4V202.2h63.7v29.2h.9c8.9-16.8 30.6-34.5 62.9-34.5 67.2 0 79.7 44.3 79.7 101.9V416z\"><\/path><\/svg>\t\t\t\t\t\t\t<\/span>\n\t\t\t\t\t\t\t\t\t\t\t\t\t\t\t\t\t\t\t\t<\/div>\n\t\t\t\t\t<\/div>\n\t\t\t\t\t\t<\/div>\n\t\t\t\t\t\t<\/div>\n\t\t\t\t<\/div>\n\t\t\t\t\t<\/div>\n\t\t\t\t<\/div>\n\t\t\t\t<\/div>\n\t\t","protected":false},"excerpt":{"rendered":"<p>Nytt avloppsreningsverk ska \u00f6ka kapaciteten och bidra till Lidk\u00f6pings utveckling Avancerad avloppsvattenhantering \u00e4r avg\u00f6rande f\u00f6r den snabba befolkningsutveckling som kommunen st\u00e5r inf\u00f6r.\u00a0 D\u00e4rf\u00f6r planeras nu ett nytt reningsverk med h\u00f6g kapacitet som klarar h\u00f6ga milj\u00f6krav och kan bidra med rent vatten till nuvarande och framtida generationer. Det nuvarande avloppsreningsverket ligger n\u00e4ra Framn\u00e4s strandpark inte l\u00e5ngt [&hellip;]<\/p>\n","protected":false},"author":2,"featured_media":66,"parent":0,"menu_order":0,"comment_status":"closed","ping_status":"closed","template":"elementor_theme","meta":{"footnotes":""},"class_list":["post-275","page","type-page","status-publish","has-post-thumbnail","hentry"],"_links":{"self":[{"href":"https:\/\/lidkopingutvecklas.se\/index.php\/wp-json\/wp\/v2\/pages\/275","targetHints":{"allow":["GET"]}}],"collection":[{"href":"https:\/\/lidkopingutvecklas.se\/index.php\/wp-json\/wp\/v2\/pages"}],"about":[{"href":"https:\/\/lidkopingutvecklas.se\/index.php\/wp-json\/wp\/v2\/types\/page"}],"author":[{"embeddable":true,"href":"https:\/\/lidkopingutvecklas.se\/index.php\/wp-json\/wp\/v2\/users\/2"}],"replies":[{"embeddable":true,"href":"https:\/\/lidkopingutvecklas.se\/index.php\/wp-json\/wp\/v2\/comments?post=275"}],"version-history":[{"count":4,"href":"https:\/\/lidkopingutvecklas.se\/index.php\/wp-json\/wp\/v2\/pages\/275\/revisions"}],"predecessor-version":[{"id":280,"href":"https:\/\/lidkopingutvecklas.se\/index.php\/wp-json\/wp\/v2\/pages\/275\/revisions\/280"}],"wp:featuredmedia":[{"embeddable":true,"href":"https:\/\/lidkopingutvecklas.se\/index.php\/wp-json\/wp\/v2\/media\/66"}],"wp:attachment":[{"href":"https:\/\/lidkopingutvecklas.se\/index.php\/wp-json\/wp\/v2\/media?parent=275"}],"curies":[{"name":"wp","href":"https:\/\/api.w.org\/{rel}","templated":true}]}}