{"id":239,"date":"2025-06-19T10:05:55","date_gmt":"2025-06-19T10:05:55","guid":{"rendered":"https:\/\/lidkopingutvecklas.se\/?page_id=239"},"modified":"2025-06-19T10:07:32","modified_gmt":"2025-06-19T10:07:32","slug":"stora-satsningar-pa-hamn-och-stadsutveckling-de-narmaste-aren","status":"publish","type":"page","link":"https:\/\/lidkopingutvecklas.se\/index.php\/stora-satsningar-pa-hamn-och-stadsutveckling-de-narmaste-aren\/","title":{"rendered":"Stora satsningar p\u00e5 hamn- och stadsutveckling de n\u00e4rmaste \u00e5ren"},"content":{"rendered":"\t\t<div data-elementor-type=\"wp-page\" data-elementor-id=\"239\" class=\"elementor elementor-239\" data-elementor-post-type=\"page\">\n\t\t\t\t<div class=\"elementor-element elementor-element-125e60b1 e-flex e-con-boxed e-con e-parent\" data-id=\"125e60b1\" data-element_type=\"container\" data-e-type=\"container\">\n\t\t\t\t\t<div class=\"e-con-inner\">\n\t\t\t\t<div class=\"elementor-element elementor-element-5481bf4 elementor-widget elementor-widget-heading\" data-id=\"5481bf4\" data-element_type=\"widget\" data-e-type=\"widget\" data-widget_type=\"heading.default\">\n\t\t\t\t<div class=\"elementor-widget-container\">\n\t\t\t\t\t<h1 class=\"elementor-heading-title elementor-size-default\">Stora satsningar p\u00e5 hamn- och stadsutveckling de n\u00e4rmaste \u00e5ren<\/h1>\t\t\t\t<\/div>\n\t\t\t\t<\/div>\n\t\t\t\t<div class=\"elementor-element elementor-element-28d5b8c0 elementor-widget elementor-widget-theme-post-featured-image elementor-widget-image\" data-id=\"28d5b8c0\" data-element_type=\"widget\" data-e-type=\"widget\" data-widget_type=\"theme-post-featured-image.default\">\n\t\t\t\t<div class=\"elementor-widget-container\">\n\t\t\t\t\t\t\t\t\t\t\t\t<figure class=\"wp-caption\">\n\t\t\t\t\t\t\t\t\t\t<img fetchpriority=\"high\" decoding=\"async\" width=\"2048\" height=\"1365\" src=\"https:\/\/lidkopingutvecklas.se\/wp-content\/uploads\/2025\/06\/Urban-Olsson.webp\" class=\"attachment-full size-full wp-image-109\" alt=\"\" srcset=\"https:\/\/lidkopingutvecklas.se\/wp-content\/uploads\/2025\/06\/Urban-Olsson.webp 2048w, https:\/\/lidkopingutvecklas.se\/wp-content\/uploads\/2025\/06\/Urban-Olsson-300x200.webp 300w, https:\/\/lidkopingutvecklas.se\/wp-content\/uploads\/2025\/06\/Urban-Olsson-1024x683.webp 1024w, https:\/\/lidkopingutvecklas.se\/wp-content\/uploads\/2025\/06\/Urban-Olsson-768x512.webp 768w, https:\/\/lidkopingutvecklas.se\/wp-content\/uploads\/2025\/06\/Urban-Olsson-1536x1024.webp 1536w\" sizes=\"(max-width: 2048px) 100vw, 2048px\" \/>\t\t\t\t\t\t\t\t\t\t\t<figcaption class=\"widget-image-caption wp-caption-text\">Lidk\u00f6pings hamn \u00e4r uppdelad i \u00d6stra- och V\u00e4stra hamnen. Nu kommer den \u00f6stra delen att utvecklas f\u00f6r att kunna ta emot \u00e4nnu st\u00f6rre fartyg, medan den v\u00e4stra ska ing\u00e5 i kommunens stadsutvecklingsplan. P\u00e5 bilden: Urban Olsson, chef Sektor samh\u00e4lle p\u00e5 Lidk\u00f6pings kommun, som intervjuas i artikeln.<\/figcaption>\n\t\t\t\t\t\t\t\t\t\t<\/figure>\n\t\t\t\t\t\t\t\t\t<\/div>\n\t\t\t\t<\/div>\n\t\t\t\t\t<\/div>\n\t\t\t\t<\/div>\n\t\t<div class=\"elementor-element elementor-element-67a58c70 e-flex e-con-boxed e-con e-parent\" data-id=\"67a58c70\" data-element_type=\"container\" data-e-type=\"container\">\n\t\t\t\t\t<div class=\"e-con-inner\">\n\t\t\t\t<div class=\"elementor-element elementor-element-6b800e8b elementor-widget elementor-widget-text-editor\" data-id=\"6b800e8b\" data-element_type=\"widget\" data-e-type=\"widget\" data-widget_type=\"text-editor.default\">\n\t\t\t\t<div class=\"elementor-widget-container\">\n\t\t\t\t\t\t\t\t\t<p>Lidk\u00f6pings hamn, som idag \u00e4r upp\u00addelad i V\u00e4stra och \u00d6stra hamnen, ska omstruktureras. Det handlar om investering i Lidk\u00f6pings framtid och tillv\u00e4xt. Nu v\u00e4ntar stora utbyggnader av \u00d6stra hamnen, medan V\u00e4stra ska ge plats f\u00f6r stadsutveckling.<\/p>\t\t\t\t\t\t\t\t<\/div>\n\t\t\t\t<\/div>\n\t\t\t\t<div class=\"elementor-element elementor-element-bb312cd elementor-widget elementor-widget-text-editor\" data-id=\"bb312cd\" data-element_type=\"widget\" data-e-type=\"widget\" data-widget_type=\"text-editor.default\">\n\t\t\t\t<div class=\"elementor-widget-container\">\n\t\t\t\t\t\t\t\t\t<p class=\"p1\">I <span class=\"s1\">kommunens stadsutvecklingsplan finns tre huvudstrategier f\u00f6r hur Lidk\u00f6ping ska utvecklas h\u00e5llbart. De handlar om r\u00e4tt sak p\u00e5 r\u00e4tt plats, livfullt samt sammankopplad och n\u00e4ra. Dessa har ocks\u00e5 varit ledstj\u00e4rnor i planeringen av utvecklingen av Lidk\u00f6pings framtida hamn.<\/span><\/p><p class=\"p3\">Det har l\u00e4nge funnits planer p\u00e5 att koncentrera hamnverksamheten till den \u00f6stra sidan, s\u00e4ger Urban Olsson, chef Sektor samh\u00e4lle p\u00e5 Lid\u00adk\u00f6pings kommun. Nu \u00e4r vi i en fas d\u00e4r vi ska s\u00e4tta ig\u00e5ng och f\u00f6rverkliga planerna. Det handlar mycket om h\u00e5llbarhet d\u00e4r alltmer gods har f\u00f6ruts\u00e4ttningar att transporteras p\u00e5 sj\u00f6n i st\u00e4llet f\u00f6r landv\u00e4gen.<\/p><p class=\"p3\">\u00d6stra hamnen kommer att byggas ut och delvis flyttas, medan den V\u00e4stra hamnen ska bli en unik stadsdel med blandad bebyggelse i riktning mot\u00a0Framn\u00e4s. Omr\u00e5det blir d\u00e4rmed en del\u00a0av visionen att v\u00e4nda Lidk\u00f6ping mot vattnet, och utnyttja det unika l\u00e4get.<\/p><p class=\"p3\">\u2013 Utvecklingen av \u00d6stra hamnen sker i takt med \u00f6kad sj\u00f6fart p\u00e5 V\u00e4nern i och med byggnation av nya slussar i Troll\u00adh\u00e4tte kanal. Det inneb\u00e4r trafik av st\u00f6rre fartyg som vi kommer att kunna ta emot\u00a0i Lidk\u00f6ping, s\u00e4ger Urban Olsson.<\/p><p class=\"p3\">Godset som hanteras i hamnen har stor koppling till de gr\u00f6na n\u00e4ringarna\u00a0i regionen, som exempelvis jordbruks\u00adprodukter, men \u00e4ven produkter f\u00f6r\u00a0cementindustrin.<\/p><p class=\"p5\"><i><b>Hur ska hamnen f\u00f6r\u00e4ndras f\u00f6r att f\u00e5 st\u00f6rre kapacitet?<br \/><\/b><\/i>\u2013 Det blir byggnation av terminalytor f\u00f6r om- och p\u00e5lastning, nya kajer och muddring f\u00f6r att kunna ta emot st\u00f6rre djupg\u00e5ende fartyg. \u00c4ven breddning av inloppet till hamnen kommer att bli n\u00f6dv\u00e4ndig. Det h\u00e4r \u00e4r ett stort projekt som kommer att ta sin tid att f\u00f6rverkliga, s\u00e4ger Urban Olsson.<\/p><p class=\"p5\"><i><b>Var i tiden ligger hamnprojektet nu?<br \/><\/b><\/i>\u2013 Vi arbetar med upphandling av hela entreprenaden. N\u00e4sta \u00e5r vidtar projektering f\u00f6r att kunna starta upp olika etapper under slutet av 2026. Mer exakt \u00e4n s\u00e5 kan jag inte s\u00e4ga i nul\u00e4get. Vi satsar p\u00e5 s\u00e5v\u00e4l hamn som utbyggnad av staden \u2013 allt ska h\u00e4nga ihop.<\/p>\t\t\t\t\t\t\t\t<\/div>\n\t\t\t\t<\/div>\n\t\t\t\t<div class=\"elementor-element elementor-element-409ba61b elementor-widget elementor-widget-text-editor\" data-id=\"409ba61b\" data-element_type=\"widget\" data-e-type=\"widget\" data-widget_type=\"text-editor.default\">\n\t\t\t\t<div class=\"elementor-widget-container\">\n\t\t\t\t\t\t\t\t\t<p>Text: Anders Post<br \/>Foto: Rosie Alm<\/p>\t\t\t\t\t\t\t\t<\/div>\n\t\t\t\t<\/div>\n\t\t\t\t\t<\/div>\n\t\t\t\t<\/div>\n\t\t<div class=\"elementor-element elementor-element-2df7edde e-flex e-con-boxed e-con e-parent\" data-id=\"2df7edde\" data-element_type=\"container\" data-e-type=\"container\">\n\t\t\t\t\t<div class=\"e-con-inner\">\n\t\t\t\t<div class=\"elementor-element elementor-element-50bea6e3 elementor-widget elementor-widget-heading\" data-id=\"50bea6e3\" data-element_type=\"widget\" data-e-type=\"widget\" data-widget_type=\"heading.default\">\n\t\t\t\t<div class=\"elementor-widget-container\">\n\t\t\t\t\t<h3 class=\"elementor-heading-title elementor-size-default\">Dela artikeln<\/h3>\t\t\t\t<\/div>\n\t\t\t\t<\/div>\n\t\t\t\t<div class=\"elementor-element elementor-element-1c951d02 elementor-share-buttons--view-icon elementor-share-buttons--skin-minimal elementor-share-buttons--shape-circle elementor-share-buttons--color-custom elementor-grid-0 elementor-widget elementor-widget-share-buttons\" data-id=\"1c951d02\" data-element_type=\"widget\" data-e-type=\"widget\" data-widget_type=\"share-buttons.default\">\n\t\t\t\t<div class=\"elementor-widget-container\">\n\t\t\t\t\t\t\t<div class=\"elementor-grid\" role=\"list\">\n\t\t\t\t\t\t\t\t<div class=\"elementor-grid-item\" role=\"listitem\">\n\t\t\t\t\t\t<div class=\"elementor-share-btn elementor-share-btn_email\" role=\"button\" tabindex=\"0\" aria-label=\"Dela p\u00e5 email\">\n\t\t\t\t\t\t\t\t\t\t\t\t\t\t\t<span class=\"elementor-share-btn__icon\">\n\t\t\t\t\t\t\t\t<svg aria-hidden=\"true\" class=\"e-font-icon-svg e-fas-envelope\" viewBox=\"0 0 512 512\" xmlns=\"http:\/\/www.w3.org\/2000\/svg\"><path d=\"M502.3 190.8c3.9-3.1 9.7-.2 9.7 4.7V400c0 26.5-21.5 48-48 48H48c-26.5 0-48-21.5-48-48V195.6c0-5 5.7-7.8 9.7-4.7 22.4 17.4 52.1 39.5 154.1 113.6 21.1 15.4 56.7 47.8 92.2 47.6 35.7.3 72-32.8 92.3-47.6 102-74.1 131.6-96.3 154-113.7zM256 320c23.2.4 56.6-29.2 73.4-41.4 132.7-96.3 142.8-104.7 173.4-128.7 5.8-4.5 9.2-11.5 9.2-18.9v-19c0-26.5-21.5-48-48-48H48C21.5 64 0 85.5 0 112v19c0 7.4 3.4 14.3 9.2 18.9 30.6 23.9 40.7 32.4 173.4 128.7 16.8 12.2 50.2 41.8 73.4 41.4z\"><\/path><\/svg>\t\t\t\t\t\t\t<\/span>\n\t\t\t\t\t\t\t\t\t\t\t\t\t\t\t\t\t\t\t\t<\/div>\n\t\t\t\t\t<\/div>\n\t\t\t\t\t\t\t\t\t<div class=\"elementor-grid-item\" role=\"listitem\">\n\t\t\t\t\t\t<div class=\"elementor-share-btn elementor-share-btn_facebook\" role=\"button\" tabindex=\"0\" aria-label=\"Dela p\u00e5 facebook\">\n\t\t\t\t\t\t\t\t\t\t\t\t\t\t\t<span class=\"elementor-share-btn__icon\">\n\t\t\t\t\t\t\t\t<svg aria-hidden=\"true\" class=\"e-font-icon-svg e-fab-facebook\" viewBox=\"0 0 512 512\" xmlns=\"http:\/\/www.w3.org\/2000\/svg\"><path d=\"M504 256C504 119 393 8 256 8S8 119 8 256c0 123.78 90.69 226.38 209.25 245V327.69h-63V256h63v-54.64c0-62.15 37-96.48 93.67-96.48 27.14 0 55.52 4.84 55.52 4.84v61h-31.28c-30.8 0-40.41 19.12-40.41 38.73V256h68.78l-11 71.69h-57.78V501C413.31 482.38 504 379.78 504 256z\"><\/path><\/svg>\t\t\t\t\t\t\t<\/span>\n\t\t\t\t\t\t\t\t\t\t\t\t\t\t\t\t\t\t\t\t<\/div>\n\t\t\t\t\t<\/div>\n\t\t\t\t\t\t\t\t\t<div class=\"elementor-grid-item\" role=\"listitem\">\n\t\t\t\t\t\t<div class=\"elementor-share-btn elementor-share-btn_x-twitter\" role=\"button\" tabindex=\"0\" aria-label=\"Dela p\u00e5 x-twitter\">\n\t\t\t\t\t\t\t\t\t\t\t\t\t\t\t<span class=\"elementor-share-btn__icon\">\n\t\t\t\t\t\t\t\t<svg aria-hidden=\"true\" class=\"e-font-icon-svg e-fab-x-twitter\" viewBox=\"0 0 512 512\" xmlns=\"http:\/\/www.w3.org\/2000\/svg\"><path d=\"M389.2 48h70.6L305.6 224.2 487 464H345L233.7 318.6 106.5 464H35.8L200.7 275.5 26.8 48H172.4L272.9 180.9 389.2 48zM364.4 421.8h39.1L151.1 88h-42L364.4 421.8z\"><\/path><\/svg>\t\t\t\t\t\t\t<\/span>\n\t\t\t\t\t\t\t\t\t\t\t\t\t\t\t\t\t\t\t\t<\/div>\n\t\t\t\t\t<\/div>\n\t\t\t\t\t\t\t\t\t<div class=\"elementor-grid-item\" role=\"listitem\">\n\t\t\t\t\t\t<div class=\"elementor-share-btn elementor-share-btn_linkedin\" role=\"button\" tabindex=\"0\" aria-label=\"Dela p\u00e5 linkedin\">\n\t\t\t\t\t\t\t\t\t\t\t\t\t\t\t<span class=\"elementor-share-btn__icon\">\n\t\t\t\t\t\t\t\t<svg aria-hidden=\"true\" class=\"e-font-icon-svg e-fab-linkedin\" viewBox=\"0 0 448 512\" xmlns=\"http:\/\/www.w3.org\/2000\/svg\"><path d=\"M416 32H31.9C14.3 32 0 46.5 0 64.3v383.4C0 465.5 14.3 480 31.9 480H416c17.6 0 32-14.5 32-32.3V64.3c0-17.8-14.4-32.3-32-32.3zM135.4 416H69V202.2h66.5V416zm-33.2-243c-21.3 0-38.5-17.3-38.5-38.5S80.9 96 102.2 96c21.2 0 38.5 17.3 38.5 38.5 0 21.3-17.2 38.5-38.5 38.5zm282.1 243h-66.4V312c0-24.8-.5-56.7-34.5-56.7-34.6 0-39.9 27-39.9 54.9V416h-66.4V202.2h63.7v29.2h.9c8.9-16.8 30.6-34.5 62.9-34.5 67.2 0 79.7 44.3 79.7 101.9V416z\"><\/path><\/svg>\t\t\t\t\t\t\t<\/span>\n\t\t\t\t\t\t\t\t\t\t\t\t\t\t\t\t\t\t\t\t<\/div>\n\t\t\t\t\t<\/div>\n\t\t\t\t\t\t<\/div>\n\t\t\t\t\t\t<\/div>\n\t\t\t\t<\/div>\n\t\t\t\t\t<\/div>\n\t\t\t\t<\/div>\n\t\t\t\t<\/div>\n\t\t","protected":false},"excerpt":{"rendered":"<p>Stora satsningar p\u00e5 hamn- och stadsutveckling de n\u00e4rmaste \u00e5ren Lidk\u00f6pings hamn, som idag \u00e4r upp\u00addelad i V\u00e4stra och \u00d6stra hamnen, ska omstruktureras. Det handlar om investering i Lidk\u00f6pings framtid och tillv\u00e4xt. Nu v\u00e4ntar stora utbyggnader av \u00d6stra hamnen, medan V\u00e4stra ska ge plats f\u00f6r stadsutveckling. I kommunens stadsutvecklingsplan finns tre huvudstrategier f\u00f6r hur Lidk\u00f6ping ska [&hellip;]<\/p>\n","protected":false},"author":2,"featured_media":109,"parent":0,"menu_order":0,"comment_status":"closed","ping_status":"closed","template":"elementor_theme","meta":{"footnotes":""},"class_list":["post-239","page","type-page","status-publish","has-post-thumbnail","hentry"],"_links":{"self":[{"href":"https:\/\/lidkopingutvecklas.se\/index.php\/wp-json\/wp\/v2\/pages\/239","targetHints":{"allow":["GET"]}}],"collection":[{"href":"https:\/\/lidkopingutvecklas.se\/index.php\/wp-json\/wp\/v2\/pages"}],"about":[{"href":"https:\/\/lidkopingutvecklas.se\/index.php\/wp-json\/wp\/v2\/types\/page"}],"author":[{"embeddable":true,"href":"https:\/\/lidkopingutvecklas.se\/index.php\/wp-json\/wp\/v2\/users\/2"}],"replies":[{"embeddable":true,"href":"https:\/\/lidkopingutvecklas.se\/index.php\/wp-json\/wp\/v2\/comments?post=239"}],"version-history":[{"count":4,"href":"https:\/\/lidkopingutvecklas.se\/index.php\/wp-json\/wp\/v2\/pages\/239\/revisions"}],"predecessor-version":[{"id":244,"href":"https:\/\/lidkopingutvecklas.se\/index.php\/wp-json\/wp\/v2\/pages\/239\/revisions\/244"}],"wp:featuredmedia":[{"embeddable":true,"href":"https:\/\/lidkopingutvecklas.se\/index.php\/wp-json\/wp\/v2\/media\/109"}],"wp:attachment":[{"href":"https:\/\/lidkopingutvecklas.se\/index.php\/wp-json\/wp\/v2\/media?parent=239"}],"curies":[{"name":"wp","href":"https:\/\/api.w.org\/{rel}","templated":true}]}}