{"id":215,"date":"2025-06-19T09:54:32","date_gmt":"2025-06-19T09:54:32","guid":{"rendered":"https:\/\/lidkopingutvecklas.se\/?page_id=215"},"modified":"2025-06-19T09:56:39","modified_gmt":"2025-06-19T09:56:39","slug":"foretaget-som-ar-ledande-inom-lastsakring-i-europa","status":"publish","type":"page","link":"https:\/\/lidkopingutvecklas.se\/index.php\/foretaget-som-ar-ledande-inom-lastsakring-i-europa\/","title":{"rendered":"F\u00f6retaget som \u00e4r ledande inom lasts\u00e4kring i Europa"},"content":{"rendered":"\t\t<div data-elementor-type=\"wp-page\" data-elementor-id=\"215\" class=\"elementor elementor-215\" data-elementor-post-type=\"page\">\n\t\t\t\t<div class=\"elementor-element elementor-element-45805cbe e-flex e-con-boxed e-con e-parent\" data-id=\"45805cbe\" data-element_type=\"container\" data-e-type=\"container\" data-settings=\"{&quot;background_background&quot;:&quot;classic&quot;}\">\n\t\t\t\t\t<div class=\"e-con-inner\">\n\t\t<div class=\"elementor-element elementor-element-5dbeee2 e-con-full e-flex e-con e-child\" data-id=\"5dbeee2\" data-element_type=\"container\" data-e-type=\"container\" data-settings=\"{&quot;background_background&quot;:&quot;classic&quot;}\">\n\t\t\t\t<div class=\"elementor-element elementor-element-587d70b elementor-widget elementor-widget-heading\" data-id=\"587d70b\" data-element_type=\"widget\" data-e-type=\"widget\" data-widget_type=\"heading.default\">\n\t\t\t\t<div class=\"elementor-widget-container\">\n\t\t\t\t\t<h3 class=\"elementor-heading-title elementor-size-default\">Den h\u00e4r sidan \u00e4r en annons<\/h3>\t\t\t\t<\/div>\n\t\t\t\t<\/div>\n\t\t\t\t<\/div>\n\t\t\t\t\t<\/div>\n\t\t\t\t<\/div>\n\t\t<div class=\"elementor-element elementor-element-74611104 e-flex e-con-boxed e-con e-parent\" data-id=\"74611104\" data-element_type=\"container\" data-e-type=\"container\">\n\t\t\t\t\t<div class=\"e-con-inner\">\n\t\t\t\t<div class=\"elementor-element elementor-element-757a767e elementor-widget elementor-widget-heading\" data-id=\"757a767e\" data-element_type=\"widget\" data-e-type=\"widget\" data-widget_type=\"heading.default\">\n\t\t\t\t<div class=\"elementor-widget-container\">\n\t\t\t\t\t<h1 class=\"elementor-heading-title elementor-size-default\">F\u00f6retaget som \u00e4r ledande inom lasts\u00e4kring i Europa<\/h1>\t\t\t\t<\/div>\n\t\t\t\t<\/div>\n\t\t\t\t<div class=\"elementor-element elementor-element-783fc039 elementor-widget elementor-widget-theme-post-featured-image elementor-widget-image\" data-id=\"783fc039\" data-element_type=\"widget\" data-e-type=\"widget\" data-widget_type=\"theme-post-featured-image.default\">\n\t\t\t\t<div class=\"elementor-widget-container\">\n\t\t\t\t\t\t\t\t\t\t\t\t<figure class=\"wp-caption\">\n\t\t\t\t\t\t\t\t\t\t<img fetchpriority=\"high\" decoding=\"async\" width=\"2048\" height=\"1365\" src=\"https:\/\/lidkopingutvecklas.se\/wp-content\/uploads\/2025\/06\/kinnegrip.webp\" class=\"attachment-full size-full wp-image-81\" alt=\"\" srcset=\"https:\/\/lidkopingutvecklas.se\/wp-content\/uploads\/2025\/06\/kinnegrip.webp 2048w, https:\/\/lidkopingutvecklas.se\/wp-content\/uploads\/2025\/06\/kinnegrip-300x200.webp 300w, https:\/\/lidkopingutvecklas.se\/wp-content\/uploads\/2025\/06\/kinnegrip-1024x683.webp 1024w, https:\/\/lidkopingutvecklas.se\/wp-content\/uploads\/2025\/06\/kinnegrip-768x512.webp 768w, https:\/\/lidkopingutvecklas.se\/wp-content\/uploads\/2025\/06\/kinnegrip-1536x1024.webp 1536w\" sizes=\"(max-width: 2048px) 100vw, 2048px\" \/>\t\t\t\t\t\t\t\t\t\t\t<figcaption class=\"widget-image-caption wp-caption-text\">En del av j\u00e4rng\u00e4nget p\u00e5 Kinnegrip: Ingrid Eskilsson \u2013 marknadsansvarig, Jacob Vikstrand \u2013 teknisk chef, Herman H\u00f6\u00f6g \u2013 underh\u00e5llstekniker, samt Magnus Niklasson \u2013 fabrikschef. (Foto: Linus Sj\u00f6blom)<\/figcaption>\n\t\t\t\t\t\t\t\t\t\t<\/figure>\n\t\t\t\t\t\t\t\t\t<\/div>\n\t\t\t\t<\/div>\n\t\t\t\t\t<\/div>\n\t\t\t\t<\/div>\n\t\t<div class=\"elementor-element elementor-element-2ac2beec e-flex e-con-boxed e-con e-parent\" data-id=\"2ac2beec\" data-element_type=\"container\" data-e-type=\"container\">\n\t\t\t\t\t<div class=\"e-con-inner\">\n\t\t\t\t<div class=\"elementor-element elementor-element-122ac584 elementor-widget elementor-widget-text-editor\" data-id=\"122ac584\" data-element_type=\"widget\" data-e-type=\"widget\" data-widget_type=\"text-editor.default\">\n\t\t\t\t<div class=\"elementor-widget-container\">\n\t\t\t\t\t\t\t\t\t<p>Kinnegrip har en l\u00e5ng historia d\u00e4r en uppfinning fr\u00e5n 60-talet skapade grunden till f\u00f6retaget. Produkten som utvecklats genom \u00e5ren \u00e4r ett unikt system som integreras p\u00e5 en lastbils l\u00e4mmar och g\u00f6r dem s\u00e4krare och mer flexibla. Nu satsar Kinnegrip vidare p\u00e5 tillverkningen i Lidk\u00f6ping.<\/p>\t\t\t\t\t\t\t\t<\/div>\n\t\t\t\t<\/div>\n\t\t\t\t<div class=\"elementor-element elementor-element-2456c527 elementor-widget elementor-widget-text-editor\" data-id=\"2456c527\" data-element_type=\"widget\" data-e-type=\"widget\" data-widget_type=\"text-editor.default\">\n\t\t\t\t<div class=\"elementor-widget-container\">\n\t\t\t\t\t\t\t\t\t<p class=\"p1\"><span class=\"s1\"><b>Kinnegrip <\/b><\/span>utvecklar, tillverkar och marknadsf\u00f6r l\u00f6sningar f\u00f6r s\u00e4kra transporter f\u00f6r europeiska och globala f\u00f6retag och varum\u00e4rken.<\/p><p class=\"p2\">\u2013 Vi har ett spann av produkter inom lasts\u00e4kring f\u00f6r l\u00e4tta, medeltunga och tunga kommersiella fordon, till exempel Volkswagen Transporter och lastbilar fr\u00e5n Scania och Volvo, s\u00e4ger Johan Andersson, vd p\u00e5 Kinnegrip.<\/p><p class=\"p2\">Den patenterade l\u00e5s- och stolp\u00adkonstruktionen f\u00f6r lastbilsl\u00e4mmar togs fram under mitten av 60-talet av G\u00f6ran Ros\u00e9n som startade f\u00f6retaget 1966. Det \u00e4r produkter d\u00e4r Kinnegrip fortfarande ligger absolut i framkant och \u00e4r ledande i Europa. 2026 firar f\u00f6retaget 60 \u00e5r som innovat\u00f6r inom s\u00e4kra transportl\u00f6sningar.<\/p><p class=\"p2\">Sedan 2024 har Kinnegrip etablerat verksamhet i Polen med fokusering p\u00e5 montering, lager och logistik.<\/p>\t\t\t\t\t\t\t\t<\/div>\n\t\t\t\t<\/div>\n\t\t\t\t<div class=\"elementor-element elementor-element-51a09ceb elementor-widget elementor-widget-image\" data-id=\"51a09ceb\" data-element_type=\"widget\" data-e-type=\"widget\" data-widget_type=\"image.default\">\n\t\t\t\t<div class=\"elementor-widget-container\">\n\t\t\t\t\t\t\t\t\t\t\t\t<figure class=\"wp-caption\">\n\t\t\t\t\t\t\t\t\t\t<img decoding=\"async\" width=\"2048\" height=\"1365\" src=\"https:\/\/lidkopingutvecklas.se\/wp-content\/uploads\/2025\/06\/kinnegrip-johan-andersson.webp\" class=\"attachment-full size-full wp-image-79\" alt=\"\" srcset=\"https:\/\/lidkopingutvecklas.se\/wp-content\/uploads\/2025\/06\/kinnegrip-johan-andersson.webp 2048w, https:\/\/lidkopingutvecklas.se\/wp-content\/uploads\/2025\/06\/kinnegrip-johan-andersson-300x200.webp 300w, https:\/\/lidkopingutvecklas.se\/wp-content\/uploads\/2025\/06\/kinnegrip-johan-andersson-1024x683.webp 1024w, https:\/\/lidkopingutvecklas.se\/wp-content\/uploads\/2025\/06\/kinnegrip-johan-andersson-768x512.webp 768w, https:\/\/lidkopingutvecklas.se\/wp-content\/uploads\/2025\/06\/kinnegrip-johan-andersson-1536x1024.webp 1536w\" sizes=\"(max-width: 2048px) 100vw, 2048px\" \/>\t\t\t\t\t\t\t\t\t\t\t<figcaption class=\"widget-image-caption wp-caption-text\">Johan Andersson \u00e4r vd p\u00e5 Kinnegrip. F\u00f6retaget har de senaste \u00e5ren gjort stora investeringar i fabriken i Lidk\u00f6ping n\u00e4r det g\u00e4ller tillverkning.<\/figcaption>\n\t\t\t\t\t\t\t\t\t\t<\/figure>\n\t\t\t\t\t\t\t\t\t<\/div>\n\t\t\t\t<\/div>\n\t\t\t\t<div class=\"elementor-element elementor-element-30372a29 elementor-widget elementor-widget-text-editor\" data-id=\"30372a29\" data-element_type=\"widget\" data-e-type=\"widget\" data-widget_type=\"text-editor.default\">\n\t\t\t\t<div class=\"elementor-widget-container\">\n\t\t\t\t\t\t\t\t\t<p class=\"p1\">\u2013 En stor del av tillverkningen sker i Lidk\u00f6ping, ber\u00e4ttar Johan Andersson. Det \u00e4r h\u00e4r vi gjort stora investeringar de senaste \u00e5ren med automation, processfl\u00f6den, organisation, konstruktion och utveckling. Materialet till produkterna \u00e4r st\u00e5l som vi pressar, bockar, svetsar och monterar. Allt sker i ljusa fr\u00e4scha moderna industrilokaler med 40-talet anst\u00e4llda.<\/p><p class=\"p3\"><span class=\"s1\"><b><i>Hur \u00e4r det att jobba p\u00e5 Kinnegrip? <\/i><\/b><\/span>Fr\u00e5gan g\u00e5r till Jacob Vikstrand, teknisk chef, och Herman H\u00f6\u00f6g, som arbetar med underh\u00e5ll.<\/p><p class=\"p1\">\u2013 Det investeras mycket i ny teknik d\u00e4r stora delar av maskinparken f\u00f6rnyats p\u00e5 n\u00e5gra \u00e5r. Ett sp\u00e4nnande och modernt f\u00f6retag att jobba p\u00e5, s\u00e4ger Jacob Vikstrand.<\/p><p class=\"p1\">\u2013 Vi l\u00e4gger mycket resurser p\u00e5 produktutveckling, s\u00e4ger Herman H\u00f6\u00f6g. Det blir hela tiden en r\u00f6relse fram\u00e5t, och har man ambitioner s\u00e5 finns alla m\u00f6jligheter till utveckling inom f\u00f6retaget.<\/p>\t\t\t\t\t\t\t\t<\/div>\n\t\t\t\t<\/div>\n\t\t\t\t\t<\/div>\n\t\t\t\t<\/div>\n\t\t<div class=\"elementor-element elementor-element-63d7b013 e-flex e-con-boxed e-con e-parent\" data-id=\"63d7b013\" data-element_type=\"container\" data-e-type=\"container\">\n\t\t\t\t\t<div class=\"e-con-inner\">\n\t\t\t\t<div class=\"elementor-element elementor-element-13680911 elementor-widget elementor-widget-image\" data-id=\"13680911\" data-element_type=\"widget\" data-e-type=\"widget\" data-widget_type=\"image.default\">\n\t\t\t\t<div class=\"elementor-widget-container\">\n\t\t\t\t\t\t\t\t\t\t\t\t\t\t\t<img decoding=\"async\" width=\"399\" height=\"98\" src=\"https:\/\/lidkopingutvecklas.se\/wp-content\/uploads\/2025\/06\/kinnegrip-logo.png\" class=\"attachment-full size-full wp-image-80\" alt=\"\" srcset=\"https:\/\/lidkopingutvecklas.se\/wp-content\/uploads\/2025\/06\/kinnegrip-logo.png 399w, https:\/\/lidkopingutvecklas.se\/wp-content\/uploads\/2025\/06\/kinnegrip-logo-300x74.png 300w\" sizes=\"(max-width: 399px) 100vw, 399px\" \/>\t\t\t\t\t\t\t\t\t\t\t\t\t\t\t<\/div>\n\t\t\t\t<\/div>\n\t\t\t\t<div class=\"elementor-element elementor-element-2c76f808 elementor-widget elementor-widget-text-editor\" data-id=\"2c76f808\" data-element_type=\"widget\" data-e-type=\"widget\" data-widget_type=\"text-editor.default\">\n\t\t\t\t<div class=\"elementor-widget-container\">\n\t\t\t\t\t\t\t\t\t<p>L\u00e4s mer p\u00e5 <strong><a href=\"http:\/\/www.kinnegrip.se\" target=\"_blank\" rel=\"noopener\">kinnegrip.se<\/a><\/strong><\/p>\t\t\t\t\t\t\t\t<\/div>\n\t\t\t\t<\/div>\n\t\t\t\t\t<\/div>\n\t\t\t\t<\/div>\n\t\t<div class=\"elementor-element elementor-element-1701d7f8 e-flex e-con-boxed e-con e-parent\" data-id=\"1701d7f8\" data-element_type=\"container\" data-e-type=\"container\">\n\t\t\t\t\t<div class=\"e-con-inner\">\n\t\t\t\t<div class=\"elementor-element elementor-element-78a9ca18 elementor-widget elementor-widget-heading\" data-id=\"78a9ca18\" data-element_type=\"widget\" data-e-type=\"widget\" data-widget_type=\"heading.default\">\n\t\t\t\t<div class=\"elementor-widget-container\">\n\t\t\t\t\t<div class=\"elementor-heading-title elementor-size-default\">Dela artikeln<\/div>\t\t\t\t<\/div>\n\t\t\t\t<\/div>\n\t\t\t\t<div class=\"elementor-element elementor-element-2d6e2297 elementor-share-buttons--view-icon elementor-share-buttons--skin-minimal elementor-share-buttons--shape-circle elementor-share-buttons--color-custom elementor-grid-0 elementor-widget elementor-widget-share-buttons\" data-id=\"2d6e2297\" data-element_type=\"widget\" data-e-type=\"widget\" data-widget_type=\"share-buttons.default\">\n\t\t\t\t<div class=\"elementor-widget-container\">\n\t\t\t\t\t\t\t<div class=\"elementor-grid\" role=\"list\">\n\t\t\t\t\t\t\t\t<div class=\"elementor-grid-item\" role=\"listitem\">\n\t\t\t\t\t\t<div class=\"elementor-share-btn elementor-share-btn_email\" role=\"button\" tabindex=\"0\" aria-label=\"Dela p\u00e5 email\">\n\t\t\t\t\t\t\t\t\t\t\t\t\t\t\t<span class=\"elementor-share-btn__icon\">\n\t\t\t\t\t\t\t\t<svg aria-hidden=\"true\" class=\"e-font-icon-svg e-fas-envelope\" viewBox=\"0 0 512 512\" xmlns=\"http:\/\/www.w3.org\/2000\/svg\"><path d=\"M502.3 190.8c3.9-3.1 9.7-.2 9.7 4.7V400c0 26.5-21.5 48-48 48H48c-26.5 0-48-21.5-48-48V195.6c0-5 5.7-7.8 9.7-4.7 22.4 17.4 52.1 39.5 154.1 113.6 21.1 15.4 56.7 47.8 92.2 47.6 35.7.3 72-32.8 92.3-47.6 102-74.1 131.6-96.3 154-113.7zM256 320c23.2.4 56.6-29.2 73.4-41.4 132.7-96.3 142.8-104.7 173.4-128.7 5.8-4.5 9.2-11.5 9.2-18.9v-19c0-26.5-21.5-48-48-48H48C21.5 64 0 85.5 0 112v19c0 7.4 3.4 14.3 9.2 18.9 30.6 23.9 40.7 32.4 173.4 128.7 16.8 12.2 50.2 41.8 73.4 41.4z\"><\/path><\/svg>\t\t\t\t\t\t\t<\/span>\n\t\t\t\t\t\t\t\t\t\t\t\t\t\t\t\t\t\t\t\t<\/div>\n\t\t\t\t\t<\/div>\n\t\t\t\t\t\t\t\t\t<div class=\"elementor-grid-item\" role=\"listitem\">\n\t\t\t\t\t\t<div class=\"elementor-share-btn elementor-share-btn_facebook\" role=\"button\" tabindex=\"0\" aria-label=\"Dela p\u00e5 facebook\">\n\t\t\t\t\t\t\t\t\t\t\t\t\t\t\t<span class=\"elementor-share-btn__icon\">\n\t\t\t\t\t\t\t\t<svg aria-hidden=\"true\" class=\"e-font-icon-svg e-fab-facebook\" viewBox=\"0 0 512 512\" xmlns=\"http:\/\/www.w3.org\/2000\/svg\"><path d=\"M504 256C504 119 393 8 256 8S8 119 8 256c0 123.78 90.69 226.38 209.25 245V327.69h-63V256h63v-54.64c0-62.15 37-96.48 93.67-96.48 27.14 0 55.52 4.84 55.52 4.84v61h-31.28c-30.8 0-40.41 19.12-40.41 38.73V256h68.78l-11 71.69h-57.78V501C413.31 482.38 504 379.78 504 256z\"><\/path><\/svg>\t\t\t\t\t\t\t<\/span>\n\t\t\t\t\t\t\t\t\t\t\t\t\t\t\t\t\t\t\t\t<\/div>\n\t\t\t\t\t<\/div>\n\t\t\t\t\t\t\t\t\t<div class=\"elementor-grid-item\" role=\"listitem\">\n\t\t\t\t\t\t<div class=\"elementor-share-btn elementor-share-btn_x-twitter\" role=\"button\" tabindex=\"0\" aria-label=\"Dela p\u00e5 x-twitter\">\n\t\t\t\t\t\t\t\t\t\t\t\t\t\t\t<span class=\"elementor-share-btn__icon\">\n\t\t\t\t\t\t\t\t<svg aria-hidden=\"true\" class=\"e-font-icon-svg e-fab-x-twitter\" viewBox=\"0 0 512 512\" xmlns=\"http:\/\/www.w3.org\/2000\/svg\"><path d=\"M389.2 48h70.6L305.6 224.2 487 464H345L233.7 318.6 106.5 464H35.8L200.7 275.5 26.8 48H172.4L272.9 180.9 389.2 48zM364.4 421.8h39.1L151.1 88h-42L364.4 421.8z\"><\/path><\/svg>\t\t\t\t\t\t\t<\/span>\n\t\t\t\t\t\t\t\t\t\t\t\t\t\t\t\t\t\t\t\t<\/div>\n\t\t\t\t\t<\/div>\n\t\t\t\t\t\t\t\t\t<div class=\"elementor-grid-item\" role=\"listitem\">\n\t\t\t\t\t\t<div class=\"elementor-share-btn elementor-share-btn_linkedin\" role=\"button\" tabindex=\"0\" aria-label=\"Dela p\u00e5 linkedin\">\n\t\t\t\t\t\t\t\t\t\t\t\t\t\t\t<span class=\"elementor-share-btn__icon\">\n\t\t\t\t\t\t\t\t<svg aria-hidden=\"true\" class=\"e-font-icon-svg e-fab-linkedin\" viewBox=\"0 0 448 512\" xmlns=\"http:\/\/www.w3.org\/2000\/svg\"><path d=\"M416 32H31.9C14.3 32 0 46.5 0 64.3v383.4C0 465.5 14.3 480 31.9 480H416c17.6 0 32-14.5 32-32.3V64.3c0-17.8-14.4-32.3-32-32.3zM135.4 416H69V202.2h66.5V416zm-33.2-243c-21.3 0-38.5-17.3-38.5-38.5S80.9 96 102.2 96c21.2 0 38.5 17.3 38.5 38.5 0 21.3-17.2 38.5-38.5 38.5zm282.1 243h-66.4V312c0-24.8-.5-56.7-34.5-56.7-34.6 0-39.9 27-39.9 54.9V416h-66.4V202.2h63.7v29.2h.9c8.9-16.8 30.6-34.5 62.9-34.5 67.2 0 79.7 44.3 79.7 101.9V416z\"><\/path><\/svg>\t\t\t\t\t\t\t<\/span>\n\t\t\t\t\t\t\t\t\t\t\t\t\t\t\t\t\t\t\t\t<\/div>\n\t\t\t\t\t<\/div>\n\t\t\t\t\t\t<\/div>\n\t\t\t\t\t\t<\/div>\n\t\t\t\t<\/div>\n\t\t\t\t\t<\/div>\n\t\t\t\t<\/div>\n\t\t\t\t<\/div>\n\t\t","protected":false},"excerpt":{"rendered":"<p>Den h\u00e4r sidan \u00e4r en annons F\u00f6retaget som \u00e4r ledande inom lasts\u00e4kring i Europa Kinnegrip har en l\u00e5ng historia d\u00e4r en uppfinning fr\u00e5n 60-talet skapade grunden till f\u00f6retaget. Produkten som utvecklats genom \u00e5ren \u00e4r ett unikt system som integreras p\u00e5 en lastbils l\u00e4mmar och g\u00f6r dem s\u00e4krare och mer flexibla. Nu satsar Kinnegrip vidare p\u00e5 [&hellip;]<\/p>\n","protected":false},"author":2,"featured_media":81,"parent":0,"menu_order":0,"comment_status":"closed","ping_status":"closed","template":"elementor_theme","meta":{"footnotes":""},"class_list":["post-215","page","type-page","status-publish","has-post-thumbnail","hentry"],"_links":{"self":[{"href":"https:\/\/lidkopingutvecklas.se\/index.php\/wp-json\/wp\/v2\/pages\/215","targetHints":{"allow":["GET"]}}],"collection":[{"href":"https:\/\/lidkopingutvecklas.se\/index.php\/wp-json\/wp\/v2\/pages"}],"about":[{"href":"https:\/\/lidkopingutvecklas.se\/index.php\/wp-json\/wp\/v2\/types\/page"}],"author":[{"embeddable":true,"href":"https:\/\/lidkopingutvecklas.se\/index.php\/wp-json\/wp\/v2\/users\/2"}],"replies":[{"embeddable":true,"href":"https:\/\/lidkopingutvecklas.se\/index.php\/wp-json\/wp\/v2\/comments?post=215"}],"version-history":[{"count":4,"href":"https:\/\/lidkopingutvecklas.se\/index.php\/wp-json\/wp\/v2\/pages\/215\/revisions"}],"predecessor-version":[{"id":220,"href":"https:\/\/lidkopingutvecklas.se\/index.php\/wp-json\/wp\/v2\/pages\/215\/revisions\/220"}],"wp:featuredmedia":[{"embeddable":true,"href":"https:\/\/lidkopingutvecklas.se\/index.php\/wp-json\/wp\/v2\/media\/81"}],"wp:attachment":[{"href":"https:\/\/lidkopingutvecklas.se\/index.php\/wp-json\/wp\/v2\/media?parent=215"}],"curies":[{"name":"wp","href":"https:\/\/api.w.org\/{rel}","templated":true}]}}