{"id":179,"date":"2025-06-19T09:12:46","date_gmt":"2025-06-19T09:12:46","guid":{"rendered":"https:\/\/lidkopingutvecklas.se\/?page_id=179"},"modified":"2025-06-19T09:15:55","modified_gmt":"2025-06-19T09:15:55","slug":"strandpark-och-ny-badanlaggning-i-framnas-ska-oka-lidkopings-attraktionskraft","status":"publish","type":"page","link":"https:\/\/lidkopingutvecklas.se\/index.php\/strandpark-och-ny-badanlaggning-i-framnas-ska-oka-lidkopings-attraktionskraft\/","title":{"rendered":"Strandpark och ny badanl\u00e4ggning i Framn\u00e4s ska \u00f6ka Lidk\u00f6pings attraktionskraft"},"content":{"rendered":"\t\t<div data-elementor-type=\"wp-page\" data-elementor-id=\"179\" class=\"elementor elementor-179\" data-elementor-post-type=\"page\">\n\t\t\t\t<div class=\"elementor-element elementor-element-5f068689 e-flex e-con-boxed e-con e-parent\" data-id=\"5f068689\" data-element_type=\"container\" data-e-type=\"container\" data-settings=\"{&quot;background_background&quot;:&quot;classic&quot;}\">\n\t\t\t\t\t<div class=\"e-con-inner\">\n\t\t<div class=\"elementor-element elementor-element-488f6d23 e-con-full e-flex e-con e-child\" data-id=\"488f6d23\" data-element_type=\"container\" data-e-type=\"container\" data-settings=\"{&quot;background_background&quot;:&quot;classic&quot;}\">\n\t\t\t\t<div class=\"elementor-element elementor-element-10c55753 elementor-widget elementor-widget-heading\" data-id=\"10c55753\" data-element_type=\"widget\" data-e-type=\"widget\" data-widget_type=\"heading.default\">\n\t\t\t\t<div class=\"elementor-widget-container\">\n\t\t\t\t\t<h3 class=\"elementor-heading-title elementor-size-default\">Den h\u00e4r sidan \u00e4r en annons<\/h3>\t\t\t\t<\/div>\n\t\t\t\t<\/div>\n\t\t\t\t<\/div>\n\t\t\t\t\t<\/div>\n\t\t\t\t<\/div>\n\t\t<div class=\"elementor-element elementor-element-6aba3f40 e-flex e-con-boxed e-con e-parent\" data-id=\"6aba3f40\" data-element_type=\"container\" data-e-type=\"container\">\n\t\t\t\t\t<div class=\"e-con-inner\">\n\t\t\t\t<div class=\"elementor-element elementor-element-5cf1ef5c elementor-widget elementor-widget-heading\" data-id=\"5cf1ef5c\" data-element_type=\"widget\" data-e-type=\"widget\" data-widget_type=\"heading.default\">\n\t\t\t\t<div class=\"elementor-widget-container\">\n\t\t\t\t\t<h1 class=\"elementor-heading-title elementor-size-default\">Strandpark och ny badanl\u00e4ggning i Framn\u00e4s ska \u00f6ka Lidk\u00f6pings attraktionskraft<\/h1>\t\t\t\t<\/div>\n\t\t\t\t<\/div>\n\t\t\t\t<div class=\"elementor-element elementor-element-313f27a5 elementor-widget elementor-widget-theme-post-featured-image elementor-widget-image\" data-id=\"313f27a5\" data-element_type=\"widget\" data-e-type=\"widget\" data-widget_type=\"theme-post-featured-image.default\">\n\t\t\t\t<div class=\"elementor-widget-container\">\n\t\t\t\t\t\t\t\t\t\t\t\t<figure class=\"wp-caption\">\n\t\t\t\t\t\t\t\t\t\t<img fetchpriority=\"high\" decoding=\"async\" width=\"2048\" height=\"1365\" src=\"https:\/\/lidkopingutvecklas.se\/wp-content\/uploads\/2025\/06\/NCC-Robert-Svensson.webp\" class=\"attachment-full size-full wp-image-96\" alt=\"\" srcset=\"https:\/\/lidkopingutvecklas.se\/wp-content\/uploads\/2025\/06\/NCC-Robert-Svensson.webp 2048w, https:\/\/lidkopingutvecklas.se\/wp-content\/uploads\/2025\/06\/NCC-Robert-Svensson-300x200.webp 300w, https:\/\/lidkopingutvecklas.se\/wp-content\/uploads\/2025\/06\/NCC-Robert-Svensson-1024x683.webp 1024w, https:\/\/lidkopingutvecklas.se\/wp-content\/uploads\/2025\/06\/NCC-Robert-Svensson-768x512.webp 768w, https:\/\/lidkopingutvecklas.se\/wp-content\/uploads\/2025\/06\/NCC-Robert-Svensson-1536x1024.webp 1536w\" sizes=\"(max-width: 2048px) 100vw, 2048px\" \/>\t\t\t\t\t\t\t\t\t\t\t<figcaption class=\"widget-image-caption wp-caption-text\">Robert Svensson, som \u00e4r produktionschef p\u00e5 NCC ber\u00e4ttar h\u00e4r om uppdraget att f\u00e4rdigst\u00e4lla Framn\u00e4s strandpark med promenadstr\u00e5k, badplatser och bryggor. Projektet har genomf\u00f6rts i n\u00e4ra samarbete med kommunen i s\u00e5 kallad partenering, vilket betyder att man gemensamt hittar de b\u00e4sta, och mest ekonomiska l\u00f6sningarna. (Foto: Rosie Alm)<\/figcaption>\n\t\t\t\t\t\t\t\t\t\t<\/figure>\n\t\t\t\t\t\t\t\t\t<\/div>\n\t\t\t\t<\/div>\n\t\t\t\t\t<\/div>\n\t\t\t\t<\/div>\n\t\t<div class=\"elementor-element elementor-element-279ee6ac e-flex e-con-boxed e-con e-parent\" data-id=\"279ee6ac\" data-element_type=\"container\" data-e-type=\"container\">\n\t\t\t\t\t<div class=\"e-con-inner\">\n\t\t\t\t<div class=\"elementor-element elementor-element-5b11af72 elementor-widget elementor-widget-text-editor\" data-id=\"5b11af72\" data-element_type=\"widget\" data-e-type=\"widget\" data-widget_type=\"text-editor.default\">\n\t\t\t\t<div class=\"elementor-widget-container\">\n\t\t\t\t\t\t\t\t\t<p>Framn\u00e4s strandpark b\u00f6rjar bli komplett med strandpromenad, badstrand, vattenpark och ny pir med badbrygga. Hela detta omfattande stadsutvecklingsprojekt, som utf\u00f6rts av NCC, ska \u00f6ka kommunens attraktionskraft.<\/p>\t\t\t\t\t\t\t\t<\/div>\n\t\t\t\t<\/div>\n\t\t\t\t<div class=\"elementor-element elementor-element-31e39216 elementor-widget elementor-widget-text-editor\" data-id=\"31e39216\" data-element_type=\"widget\" data-e-type=\"widget\" data-widget_type=\"text-editor.default\">\n\t\t\t\t<div class=\"elementor-widget-container\">\n\t\t\t\t\t\t\t\t\t<p class=\"p1\"><span class=\"s1\"><b>\u2013 Det handlar om <\/b><\/span>att f\u00f6rverkliga Lidk\u00f6pings vision att v\u00e4nda staden mot vattnet, s\u00e4ger Robert Svensson, som \u00e4r produktionschef p\u00e5 NCC. Vi och Lidk\u00f6pings kommun har arbetat n\u00e4ra tillsammans och genomf\u00f6rt Framn\u00e4s strandpark i form av s\u00e5 kallad part\u00adnering (Partnering handlar om att gemensamt hitta de smartaste l\u00f6sningarna f\u00f6r olika projekt).<\/p><p class=\"p2\"><span class=\"s2\">\u2013 Att arbeta n\u00e4ra vatten \u00e4r alltid en utmaning men det \u00e4r samtidigt n\u00e5got som vi p\u00e5 NCC har stor erfarenhet av, s\u00e4ger Robert Svensson. Vi \u00e4r stolta \u00f6ver att vi fick det h\u00e4r uppdraget, som nu \u00e4r genomf\u00f6rt och d\u00e4r vi hoppas att boende och bes\u00f6kare kommer att trivas. <\/span><\/p><p class=\"p4\"><b>Nya projekt p\u00e5 g\u00e5ng i Framn\u00e4s<br \/><\/b>Det gamla badhuset b\u00f6rjar bli gammalt och slitet. Lidk\u00f6pings kommun planerar d\u00e4rf\u00f6r att bygga en ny modern badanl\u00e4ggning med badhus, bass\u00e4ngbad och friluftsbad i Framn\u00e4somr\u00e5det \u00f6ster om V\u00e4nermuseet. Lidk\u00f6pings kommun har tecknat avtal med NCC f\u00f6r att projektera den nya badanl\u00e4ggningen.<\/p><p class=\"p2\">\u2013 Vi har byggt badhus i m\u00e5nga kommuner och har dessutom egen badhusgrupp med gedigen kompetens, ber\u00e4ttar Robert Svensson.<\/p><p class=\"p2\">Badhus \u00e4r en av de byggnadstyper som st\u00e4lls inf\u00f6r st\u00f6rst p\u00e5frestningar p\u00e5 grund av de byggnadsfysiska utmaningarna som ett badhus omfattar.\u00a0NCC har tagit fram en teknisk plattform f\u00f6r badhus som garanterar ett tryggt, kostnadseffektivt och milj\u00f6m\u00e4ssigt h\u00e5llbart badhus med best\u00e4ndig kvalitet.<\/p><p class=\"p2\">\u2013 Andra uppdrag vi har i Lidk\u00f6ping \u00e4r upprustning av VA-n\u00e4tet med renovering och nyl\u00e4ggning av ledningar, s\u00e4ger Robert Svensson.<\/p>\t\t\t\t\t\t\t\t<\/div>\n\t\t\t\t<\/div>\n\t\t\t\t<div class=\"elementor-element elementor-element-56ba4274 elementor-widget elementor-widget-image\" data-id=\"56ba4274\" data-element_type=\"widget\" data-e-type=\"widget\" data-widget_type=\"image.default\">\n\t\t\t\t<div class=\"elementor-widget-container\">\n\t\t\t\t\t\t\t\t\t\t\t\t<figure class=\"wp-caption\">\n\t\t\t\t\t\t\t\t\t\t<img decoding=\"async\" width=\"2048\" height=\"1365\" src=\"https:\/\/lidkopingutvecklas.se\/wp-content\/uploads\/2025\/06\/NCC-badanlaggning.webp\" class=\"attachment-full size-full wp-image-94\" alt=\"\" srcset=\"https:\/\/lidkopingutvecklas.se\/wp-content\/uploads\/2025\/06\/NCC-badanlaggning.webp 2048w, https:\/\/lidkopingutvecklas.se\/wp-content\/uploads\/2025\/06\/NCC-badanlaggning-300x200.webp 300w, https:\/\/lidkopingutvecklas.se\/wp-content\/uploads\/2025\/06\/NCC-badanlaggning-1024x683.webp 1024w, https:\/\/lidkopingutvecklas.se\/wp-content\/uploads\/2025\/06\/NCC-badanlaggning-768x512.webp 768w, https:\/\/lidkopingutvecklas.se\/wp-content\/uploads\/2025\/06\/NCC-badanlaggning-1536x1024.webp 1536w\" sizes=\"(max-width: 2048px) 100vw, 2048px\" \/>\t\t\t\t\t\t\t\t\t\t\t<figcaption class=\"widget-image-caption wp-caption-text\">NCC kommer \u00e4ven att projektera den nya badanl\u00e4ggningen som ska ligga i Framn\u00e4s. Det blir en modern badanl\u00e4ggning med badhus, bass\u00e4ngbad och friluftsbad. NCC har stor erfarenhet av att bygga badhus, n\u00e5got man gjort i ett antal kommuner. F\u00f6retaget har tagit fram en teknisk plattform f\u00f6r badanl\u00e4ggning, som garanterar en trygg och kostnadseffektivt anl\u00e4ggning.<\/figcaption>\n\t\t\t\t\t\t\t\t\t\t<\/figure>\n\t\t\t\t\t\t\t\t\t<\/div>\n\t\t\t\t<\/div>\n\t\t\t\t\t<\/div>\n\t\t\t\t<\/div>\n\t\t<div class=\"elementor-element elementor-element-2643651d e-flex e-con-boxed e-con e-parent\" data-id=\"2643651d\" data-element_type=\"container\" data-e-type=\"container\">\n\t\t\t\t\t<div class=\"e-con-inner\">\n\t\t\t\t<div class=\"elementor-element elementor-element-4f6952c5 elementor-widget elementor-widget-image\" data-id=\"4f6952c5\" data-element_type=\"widget\" data-e-type=\"widget\" data-widget_type=\"image.default\">\n\t\t\t\t<div class=\"elementor-widget-container\">\n\t\t\t\t\t\t\t\t\t\t\t\t\t\t\t<img decoding=\"async\" width=\"400\" height=\"224\" src=\"https:\/\/lidkopingutvecklas.se\/wp-content\/uploads\/2025\/06\/NCC-logo.png\" class=\"attachment-full size-full wp-image-95\" alt=\"\" srcset=\"https:\/\/lidkopingutvecklas.se\/wp-content\/uploads\/2025\/06\/NCC-logo.png 400w, https:\/\/lidkopingutvecklas.se\/wp-content\/uploads\/2025\/06\/NCC-logo-300x168.png 300w\" sizes=\"(max-width: 400px) 100vw, 400px\" \/>\t\t\t\t\t\t\t\t\t\t\t\t\t\t\t<\/div>\n\t\t\t\t<\/div>\n\t\t\t\t<div class=\"elementor-element elementor-element-f927ecc elementor-widget elementor-widget-text-editor\" data-id=\"f927ecc\" data-element_type=\"widget\" data-e-type=\"widget\" data-widget_type=\"text-editor.default\">\n\t\t\t\t<div class=\"elementor-widget-container\">\n\t\t\t\t\t\t\t\t\t<p>L\u00e4s mer p\u00e5 <strong><a href=\"http:\/\/www.ncc.se\" target=\"_blank\" rel=\"noopener\">ncc.se<\/a><\/strong><\/p>\t\t\t\t\t\t\t\t<\/div>\n\t\t\t\t<\/div>\n\t\t\t\t\t<\/div>\n\t\t\t\t<\/div>\n\t\t<div class=\"elementor-element elementor-element-25569e9f e-flex e-con-boxed e-con e-parent\" data-id=\"25569e9f\" data-element_type=\"container\" data-e-type=\"container\">\n\t\t\t\t\t<div class=\"e-con-inner\">\n\t\t\t\t<div class=\"elementor-element elementor-element-23f7deac elementor-widget elementor-widget-heading\" data-id=\"23f7deac\" data-element_type=\"widget\" data-e-type=\"widget\" data-widget_type=\"heading.default\">\n\t\t\t\t<div class=\"elementor-widget-container\">\n\t\t\t\t\t<div class=\"elementor-heading-title elementor-size-default\">Dela artikeln<\/div>\t\t\t\t<\/div>\n\t\t\t\t<\/div>\n\t\t\t\t<div class=\"elementor-element elementor-element-5db19d4e elementor-share-buttons--view-icon elementor-share-buttons--skin-minimal elementor-share-buttons--shape-circle elementor-share-buttons--color-custom elementor-grid-0 elementor-widget elementor-widget-share-buttons\" data-id=\"5db19d4e\" data-element_type=\"widget\" data-e-type=\"widget\" data-widget_type=\"share-buttons.default\">\n\t\t\t\t<div class=\"elementor-widget-container\">\n\t\t\t\t\t\t\t<div class=\"elementor-grid\" role=\"list\">\n\t\t\t\t\t\t\t\t<div class=\"elementor-grid-item\" role=\"listitem\">\n\t\t\t\t\t\t<div class=\"elementor-share-btn elementor-share-btn_email\" role=\"button\" tabindex=\"0\" aria-label=\"Dela p\u00e5 email\">\n\t\t\t\t\t\t\t\t\t\t\t\t\t\t\t<span class=\"elementor-share-btn__icon\">\n\t\t\t\t\t\t\t\t<svg aria-hidden=\"true\" class=\"e-font-icon-svg e-fas-envelope\" viewBox=\"0 0 512 512\" xmlns=\"http:\/\/www.w3.org\/2000\/svg\"><path d=\"M502.3 190.8c3.9-3.1 9.7-.2 9.7 4.7V400c0 26.5-21.5 48-48 48H48c-26.5 0-48-21.5-48-48V195.6c0-5 5.7-7.8 9.7-4.7 22.4 17.4 52.1 39.5 154.1 113.6 21.1 15.4 56.7 47.8 92.2 47.6 35.7.3 72-32.8 92.3-47.6 102-74.1 131.6-96.3 154-113.7zM256 320c23.2.4 56.6-29.2 73.4-41.4 132.7-96.3 142.8-104.7 173.4-128.7 5.8-4.5 9.2-11.5 9.2-18.9v-19c0-26.5-21.5-48-48-48H48C21.5 64 0 85.5 0 112v19c0 7.4 3.4 14.3 9.2 18.9 30.6 23.9 40.7 32.4 173.4 128.7 16.8 12.2 50.2 41.8 73.4 41.4z\"><\/path><\/svg>\t\t\t\t\t\t\t<\/span>\n\t\t\t\t\t\t\t\t\t\t\t\t\t\t\t\t\t\t\t\t<\/div>\n\t\t\t\t\t<\/div>\n\t\t\t\t\t\t\t\t\t<div class=\"elementor-grid-item\" role=\"listitem\">\n\t\t\t\t\t\t<div class=\"elementor-share-btn elementor-share-btn_facebook\" role=\"button\" tabindex=\"0\" aria-label=\"Dela p\u00e5 facebook\">\n\t\t\t\t\t\t\t\t\t\t\t\t\t\t\t<span class=\"elementor-share-btn__icon\">\n\t\t\t\t\t\t\t\t<svg aria-hidden=\"true\" class=\"e-font-icon-svg e-fab-facebook\" viewBox=\"0 0 512 512\" xmlns=\"http:\/\/www.w3.org\/2000\/svg\"><path d=\"M504 256C504 119 393 8 256 8S8 119 8 256c0 123.78 90.69 226.38 209.25 245V327.69h-63V256h63v-54.64c0-62.15 37-96.48 93.67-96.48 27.14 0 55.52 4.84 55.52 4.84v61h-31.28c-30.8 0-40.41 19.12-40.41 38.73V256h68.78l-11 71.69h-57.78V501C413.31 482.38 504 379.78 504 256z\"><\/path><\/svg>\t\t\t\t\t\t\t<\/span>\n\t\t\t\t\t\t\t\t\t\t\t\t\t\t\t\t\t\t\t\t<\/div>\n\t\t\t\t\t<\/div>\n\t\t\t\t\t\t\t\t\t<div class=\"elementor-grid-item\" role=\"listitem\">\n\t\t\t\t\t\t<div class=\"elementor-share-btn elementor-share-btn_x-twitter\" role=\"button\" tabindex=\"0\" aria-label=\"Dela p\u00e5 x-twitter\">\n\t\t\t\t\t\t\t\t\t\t\t\t\t\t\t<span class=\"elementor-share-btn__icon\">\n\t\t\t\t\t\t\t\t<svg aria-hidden=\"true\" class=\"e-font-icon-svg e-fab-x-twitter\" viewBox=\"0 0 512 512\" xmlns=\"http:\/\/www.w3.org\/2000\/svg\"><path d=\"M389.2 48h70.6L305.6 224.2 487 464H345L233.7 318.6 106.5 464H35.8L200.7 275.5 26.8 48H172.4L272.9 180.9 389.2 48zM364.4 421.8h39.1L151.1 88h-42L364.4 421.8z\"><\/path><\/svg>\t\t\t\t\t\t\t<\/span>\n\t\t\t\t\t\t\t\t\t\t\t\t\t\t\t\t\t\t\t\t<\/div>\n\t\t\t\t\t<\/div>\n\t\t\t\t\t\t\t\t\t<div class=\"elementor-grid-item\" role=\"listitem\">\n\t\t\t\t\t\t<div class=\"elementor-share-btn elementor-share-btn_linkedin\" role=\"button\" tabindex=\"0\" aria-label=\"Dela p\u00e5 linkedin\">\n\t\t\t\t\t\t\t\t\t\t\t\t\t\t\t<span class=\"elementor-share-btn__icon\">\n\t\t\t\t\t\t\t\t<svg aria-hidden=\"true\" class=\"e-font-icon-svg e-fab-linkedin\" viewBox=\"0 0 448 512\" xmlns=\"http:\/\/www.w3.org\/2000\/svg\"><path d=\"M416 32H31.9C14.3 32 0 46.5 0 64.3v383.4C0 465.5 14.3 480 31.9 480H416c17.6 0 32-14.5 32-32.3V64.3c0-17.8-14.4-32.3-32-32.3zM135.4 416H69V202.2h66.5V416zm-33.2-243c-21.3 0-38.5-17.3-38.5-38.5S80.9 96 102.2 96c21.2 0 38.5 17.3 38.5 38.5 0 21.3-17.2 38.5-38.5 38.5zm282.1 243h-66.4V312c0-24.8-.5-56.7-34.5-56.7-34.6 0-39.9 27-39.9 54.9V416h-66.4V202.2h63.7v29.2h.9c8.9-16.8 30.6-34.5 62.9-34.5 67.2 0 79.7 44.3 79.7 101.9V416z\"><\/path><\/svg>\t\t\t\t\t\t\t<\/span>\n\t\t\t\t\t\t\t\t\t\t\t\t\t\t\t\t\t\t\t\t<\/div>\n\t\t\t\t\t<\/div>\n\t\t\t\t\t\t<\/div>\n\t\t\t\t\t\t<\/div>\n\t\t\t\t<\/div>\n\t\t\t\t\t<\/div>\n\t\t\t\t<\/div>\n\t\t\t\t<\/div>\n\t\t","protected":false},"excerpt":{"rendered":"<p>Den h\u00e4r sidan \u00e4r en annons Strandpark och ny badanl\u00e4ggning i Framn\u00e4s ska \u00f6ka Lidk\u00f6pings attraktionskraft Framn\u00e4s strandpark b\u00f6rjar bli komplett med strandpromenad, badstrand, vattenpark och ny pir med badbrygga. Hela detta omfattande stadsutvecklingsprojekt, som utf\u00f6rts av NCC, ska \u00f6ka kommunens attraktionskraft. \u2013 Det handlar om att f\u00f6rverkliga Lidk\u00f6pings vision att v\u00e4nda staden mot vattnet, [&hellip;]<\/p>\n","protected":false},"author":2,"featured_media":96,"parent":0,"menu_order":0,"comment_status":"closed","ping_status":"closed","template":"elementor_theme","meta":{"footnotes":""},"class_list":["post-179","page","type-page","status-publish","has-post-thumbnail","hentry"],"_links":{"self":[{"href":"https:\/\/lidkopingutvecklas.se\/index.php\/wp-json\/wp\/v2\/pages\/179","targetHints":{"allow":["GET"]}}],"collection":[{"href":"https:\/\/lidkopingutvecklas.se\/index.php\/wp-json\/wp\/v2\/pages"}],"about":[{"href":"https:\/\/lidkopingutvecklas.se\/index.php\/wp-json\/wp\/v2\/types\/page"}],"author":[{"embeddable":true,"href":"https:\/\/lidkopingutvecklas.se\/index.php\/wp-json\/wp\/v2\/users\/2"}],"replies":[{"embeddable":true,"href":"https:\/\/lidkopingutvecklas.se\/index.php\/wp-json\/wp\/v2\/comments?post=179"}],"version-history":[{"count":4,"href":"https:\/\/lidkopingutvecklas.se\/index.php\/wp-json\/wp\/v2\/pages\/179\/revisions"}],"predecessor-version":[{"id":184,"href":"https:\/\/lidkopingutvecklas.se\/index.php\/wp-json\/wp\/v2\/pages\/179\/revisions\/184"}],"wp:featuredmedia":[{"embeddable":true,"href":"https:\/\/lidkopingutvecklas.se\/index.php\/wp-json\/wp\/v2\/media\/96"}],"wp:attachment":[{"href":"https:\/\/lidkopingutvecklas.se\/index.php\/wp-json\/wp\/v2\/media?parent=179"}],"curies":[{"name":"wp","href":"https:\/\/api.w.org\/{rel}","templated":true}]}}