{"id":132,"date":"2025-06-19T08:12:22","date_gmt":"2025-06-19T08:12:22","guid":{"rendered":"https:\/\/lidkopingutvecklas.se\/?page_id=132"},"modified":"2025-06-19T09:16:27","modified_gmt":"2025-06-19T09:16:27","slug":"campus-vastra-skaraborg-hjalper-dig-att-ta-steget-in-i-framtiden","status":"publish","type":"page","link":"https:\/\/lidkopingutvecklas.se\/index.php\/campus-vastra-skaraborg-hjalper-dig-att-ta-steget-in-i-framtiden\/","title":{"rendered":"Campus v\u00e4stra Skaraborg hj\u00e4lper dig att ta steget in i framtiden"},"content":{"rendered":"\t\t<div data-elementor-type=\"wp-page\" data-elementor-id=\"132\" class=\"elementor elementor-132\" data-elementor-post-type=\"page\">\n\t\t\t\t<div class=\"elementor-element elementor-element-6b018edb e-flex e-con-boxed e-con e-parent\" data-id=\"6b018edb\" data-element_type=\"container\" data-e-type=\"container\" data-settings=\"{&quot;background_background&quot;:&quot;classic&quot;}\">\n\t\t\t\t\t<div class=\"e-con-inner\">\n\t\t<div class=\"elementor-element elementor-element-2b4a14fc e-con-full e-flex e-con e-child\" data-id=\"2b4a14fc\" data-element_type=\"container\" data-e-type=\"container\" data-settings=\"{&quot;background_background&quot;:&quot;classic&quot;}\">\n\t\t\t\t<div class=\"elementor-element elementor-element-79d99a7d elementor-widget elementor-widget-heading\" data-id=\"79d99a7d\" data-element_type=\"widget\" data-e-type=\"widget\" data-widget_type=\"heading.default\">\n\t\t\t\t<div class=\"elementor-widget-container\">\n\t\t\t\t\t<h3 class=\"elementor-heading-title elementor-size-default\">Den h\u00e4r sidan \u00e4r en annons<\/h3>\t\t\t\t<\/div>\n\t\t\t\t<\/div>\n\t\t\t\t<\/div>\n\t\t\t\t\t<\/div>\n\t\t\t\t<\/div>\n\t\t<div class=\"elementor-element elementor-element-5495d5d4 e-flex e-con-boxed e-con e-parent\" data-id=\"5495d5d4\" data-element_type=\"container\" data-e-type=\"container\">\n\t\t\t\t\t<div class=\"e-con-inner\">\n\t\t\t\t<div class=\"elementor-element elementor-element-7bf6c0a elementor-widget elementor-widget-heading\" data-id=\"7bf6c0a\" data-element_type=\"widget\" data-e-type=\"widget\" data-widget_type=\"heading.default\">\n\t\t\t\t<div class=\"elementor-widget-container\">\n\t\t\t\t\t<h1 class=\"elementor-heading-title elementor-size-default\">Campus v\u00e4stra Skaraborg hj\u00e4lper dig att ta steget in i framtiden<\/h1>\t\t\t\t<\/div>\n\t\t\t\t<\/div>\n\t\t\t\t<div class=\"elementor-element elementor-element-4c22b16b elementor-widget elementor-widget-theme-post-featured-image elementor-widget-image\" data-id=\"4c22b16b\" data-element_type=\"widget\" data-e-type=\"widget\" data-widget_type=\"theme-post-featured-image.default\">\n\t\t\t\t<div class=\"elementor-widget-container\">\n\t\t\t\t\t\t\t\t\t\t\t\t<figure class=\"wp-caption\">\n\t\t\t\t\t\t\t\t\t\t<img fetchpriority=\"high\" decoding=\"async\" width=\"2048\" height=\"1365\" src=\"https:\/\/lidkopingutvecklas.se\/wp-content\/uploads\/2025\/06\/lisa-fast.webp\" class=\"attachment-full size-full wp-image-90\" alt=\"\" srcset=\"https:\/\/lidkopingutvecklas.se\/wp-content\/uploads\/2025\/06\/lisa-fast.webp 2048w, https:\/\/lidkopingutvecklas.se\/wp-content\/uploads\/2025\/06\/lisa-fast-300x200.webp 300w, https:\/\/lidkopingutvecklas.se\/wp-content\/uploads\/2025\/06\/lisa-fast-1024x683.webp 1024w, https:\/\/lidkopingutvecklas.se\/wp-content\/uploads\/2025\/06\/lisa-fast-768x512.webp 768w, https:\/\/lidkopingutvecklas.se\/wp-content\/uploads\/2025\/06\/lisa-fast-1536x1024.webp 1536w\" sizes=\"(max-width: 2048px) 100vw, 2048px\" \/>\t\t\t\t\t\t\t\t\t\t\t<figcaption class=\"widget-image-caption wp-caption-text\">Lisa Fast \u00e4r studie- och yrkesv\u00e4gledare. (Foto: Linus Sj\u00f6blom)<\/figcaption>\n\t\t\t\t\t\t\t\t\t\t<\/figure>\n\t\t\t\t\t\t\t\t\t<\/div>\n\t\t\t\t<\/div>\n\t\t\t\t\t<\/div>\n\t\t\t\t<\/div>\n\t\t<div class=\"elementor-element elementor-element-777e88e e-flex e-con-boxed e-con e-parent\" data-id=\"777e88e\" data-element_type=\"container\" data-e-type=\"container\">\n\t\t\t\t\t<div class=\"e-con-inner\">\n\t\t\t\t<div class=\"elementor-element elementor-element-5b9d371a elementor-widget elementor-widget-text-editor\" data-id=\"5b9d371a\" data-element_type=\"widget\" data-e-type=\"widget\" data-widget_type=\"text-editor.default\">\n\t\t\t\t<div class=\"elementor-widget-container\">\n\t\t\t\t\t\t\t\t\t<p>Hur ser framtiden ut? Ska jag byta yrkesbana, l\u00e4ra mig n\u00e5got nytt, eller komplettera mina gymnasiebetyg f\u00f6r h\u00f6gre studier?<\/p><p>Var du \u00e4n befinner dig i livet, finns vi h\u00e4r f\u00f6r dig.<\/p>\t\t\t\t\t\t\t\t<\/div>\n\t\t\t\t<\/div>\n\t\t\t\t<div class=\"elementor-element elementor-element-2d9e4a7d elementor-widget elementor-widget-text-editor\" data-id=\"2d9e4a7d\" data-element_type=\"widget\" data-e-type=\"widget\" data-widget_type=\"text-editor.default\">\n\t\t\t\t<div class=\"elementor-widget-container\">\n\t\t\t\t\t\t\t\t\t<p class=\"p1\"><span class=\"s1\"><b>Campus v\u00e4stra Skaraborg <\/b><\/span>kan ta dig vidare och p\u00e5verka din framtid genom utbildning. H\u00e4r ges du nya m\u00f6jligheter p\u00e5 din resa in i framtiden \u2013 allt fr\u00e5n grund- till h\u00f6gskoleniv\u00e5 och kompetensutveckling.<\/p><p class=\"p2\"><span class=\"s2\">Omkring 2\u2009000 personer s\u00f6ker sig varje \u00e5r till n\u00e5gon form av utbildning p\u00e5 Campus v\u00e4stra Skaraborg. Vuxenutbildningen g\u00f6rs i samverkan mellan kommunerna Lidk\u00f6ping, Essunga, Gr\u00e4storp, G\u00f6tene och Vara \u2013 d\u00e4r Lidk\u00f6ping \u00e4r huvudman. Alla frist\u00e5ende kurser g\u00e5r att l\u00e4sa p\u00e5 distans eller p\u00e5 plats. M\u00e5nga utbildningar \u00e4r framtagna tillsammans med n\u00e4ringslivet f\u00f6r att matcha olika behov p\u00e5 arbetsmarknaden. \u00c4ven specifika uppdragsutbildningar f\u00f6r enskilda f\u00f6retag f\u00f6rekommer.\u00a0<\/span><\/p><p class=\"p4\"><b><i>Vilka \u00e4r det som s\u00f6ker sig till vuxenutbildningen?<br \/><\/i><\/b>\u2013 Det \u00e4r v\u00e4ldigt olika, s\u00e4ger studie- och yrkesv\u00e4gledare Lisa Fast. M\u00e5nga som s\u00f6ker sig hit vill yrkesv\u00e4xla. Man kanske har arbetat m\u00e5nga \u00e5r i en bransch och vill g\u00f6ra n\u00e5got nytt i livet. D\u00e5 kan man antingen g\u00e5 en yrkes\u00adutbildning hos oss, eller komplettera sina gymnasiebetyg, och bli beh\u00f6rig till h\u00f6gskoleutbildning.<\/p><p class=\"p4\"><b><i>Hur ser \u00e5ldersf\u00f6rdelningen ut?<br \/><\/i><\/b>\u2013 Mycket olika \u00e4ven h\u00e4r \u2013 allt fr\u00e5n de som precis l\u00e4mnat gymnasiet och upp till 60-\u00e5rs\u00e5ldern eller mer. Vi har haft n\u00e5gon i 70-\u00e5rs\u00e5ldern som l\u00e4st matematik. Men d\u00e5 kanske man inte l\u00e4ser f\u00f6r att g\u00e5 vidare i n\u00e5gon yrkeskarri\u00e4r. Och att l\u00e4sa h\u00e4r beh\u00f6ver inte vara kopplat till n\u00e5got yrkesval, en del av v\u00e5rt uppdrag i grunden \u00e4r att st\u00e4rka individen och fr\u00e4mja den personliga utvecklingen. Majoriteten av de som l\u00e4ser p\u00e5 campus har specifika m\u00e5l med sina studier, vilket ju \u00e4ven h\u00e4nger ihop med personlig utveckling.<\/p><p class=\"p4\"><b><i>Om jag till exempel vill bli sjuksk\u00f6terska, kan jag ha nytta av campus d\u00e5?<br \/><\/i><\/b>\u2013 H\u00e4r kan du l\u00e4sa upp olika \u00e4mnen som eventuellt saknas f\u00f6r att bli beh\u00f6rig till sjuksk\u00f6terskeprogrammet som \u00e4r p\u00e5 h\u00f6gskoleniv\u00e5.<\/p><p class=\"p4\"><b><i>Vilken utbildning \u00e4r mest popul\u00e4r?<br \/><\/i><\/b>\u2013 M\u00e5nga v\u00e4ljer att utbilda sig till undersk\u00f6terska \u2013 d\u00e4r det finns ett stort behov p\u00e5 arbetsmarknaden. <br \/>Ganska nystartat \u00e4r en f\u00f6rberedande kriminalv\u00e5rdsutbildning.<\/p><p class=\"p2\">\u2013 V\u00e5ra utbildningar f\u00f6ljer samh\u00e4llets behov, en del kommer till, andra f\u00f6rvinner. V\u00e4lkommen att ta kontakt med v\u00e5ra studie- och yrkesv\u00e4gledare. Det \u00e4r aldrig f\u00f6r sent att b\u00f6rja studera, s\u00e4ger Lisa Fast.<\/p>\t\t\t\t\t\t\t\t<\/div>\n\t\t\t\t<\/div>\n\t\t\t\t<div class=\"elementor-element elementor-element-6eed26fd elementor-widget elementor-widget-image\" data-id=\"6eed26fd\" data-element_type=\"widget\" data-e-type=\"widget\" data-widget_type=\"image.default\">\n\t\t\t\t<div class=\"elementor-widget-container\">\n\t\t\t\t\t\t\t\t\t\t\t\t\t\t\t<img decoding=\"async\" width=\"2048\" height=\"1365\" src=\"https:\/\/lidkopingutvecklas.se\/wp-content\/uploads\/2025\/06\/AdobeStock_403262915.webp\" class=\"attachment-full size-full wp-image-61\" alt=\"\" srcset=\"https:\/\/lidkopingutvecklas.se\/wp-content\/uploads\/2025\/06\/AdobeStock_403262915.webp 2048w, https:\/\/lidkopingutvecklas.se\/wp-content\/uploads\/2025\/06\/AdobeStock_403262915-300x200.webp 300w, https:\/\/lidkopingutvecklas.se\/wp-content\/uploads\/2025\/06\/AdobeStock_403262915-1024x683.webp 1024w, https:\/\/lidkopingutvecklas.se\/wp-content\/uploads\/2025\/06\/AdobeStock_403262915-768x512.webp 768w, https:\/\/lidkopingutvecklas.se\/wp-content\/uploads\/2025\/06\/AdobeStock_403262915-1536x1024.webp 1536w\" sizes=\"(max-width: 2048px) 100vw, 2048px\" \/>\t\t\t\t\t\t\t\t\t\t\t\t\t\t\t<\/div>\n\t\t\t\t<\/div>\n\t\t\t\t<div class=\"elementor-element elementor-element-3dbb709 elementor-widget elementor-widget-image\" data-id=\"3dbb709\" data-element_type=\"widget\" data-e-type=\"widget\" data-widget_type=\"image.default\">\n\t\t\t\t<div class=\"elementor-widget-container\">\n\t\t\t\t\t\t\t\t\t\t\t\t<figure class=\"wp-caption\">\n\t\t\t\t\t\t\t\t\t\t<img decoding=\"async\" width=\"2048\" height=\"1365\" src=\"https:\/\/lidkopingutvecklas.se\/wp-content\/uploads\/2025\/06\/AdobeStock_580924688.webp\" class=\"attachment-full size-full wp-image-62\" alt=\"\" srcset=\"https:\/\/lidkopingutvecklas.se\/wp-content\/uploads\/2025\/06\/AdobeStock_580924688.webp 2048w, https:\/\/lidkopingutvecklas.se\/wp-content\/uploads\/2025\/06\/AdobeStock_580924688-300x200.webp 300w, https:\/\/lidkopingutvecklas.se\/wp-content\/uploads\/2025\/06\/AdobeStock_580924688-1024x683.webp 1024w, https:\/\/lidkopingutvecklas.se\/wp-content\/uploads\/2025\/06\/AdobeStock_580924688-768x512.webp 768w, https:\/\/lidkopingutvecklas.se\/wp-content\/uploads\/2025\/06\/AdobeStock_580924688-1536x1024.webp 1536w\" sizes=\"(max-width: 2048px) 100vw, 2048px\" \/>\t\t\t\t\t\t\t\t\t\t\t<figcaption class=\"widget-image-caption wp-caption-text\">Det \u00e4r aldrig f\u00f6rsent att b\u00f6rja studera. Campus v\u00e4stra Skaraborg erbjuder en m\u00e4ngd kurser och m\u00f6jligheter till nya yrkesinriktningar, som exempelvis inom v\u00e5rdomr\u00e5det, och utbildningar d\u00e4r praktiskt l\u00e4rande p\u00e5 en arbetsplats ing\u00e5r.<\/figcaption>\n\t\t\t\t\t\t\t\t\t\t<\/figure>\n\t\t\t\t\t\t\t\t\t<\/div>\n\t\t\t\t<\/div>\n\t\t\t\t\t<\/div>\n\t\t\t\t<\/div>\n\t\t<div class=\"elementor-element elementor-element-1d83a9a3 e-flex e-con-boxed e-con e-parent\" data-id=\"1d83a9a3\" data-element_type=\"container\" data-e-type=\"container\" data-settings=\"{&quot;background_background&quot;:&quot;classic&quot;}\">\n\t\t\t\t\t<div class=\"e-con-inner\">\n\t\t<div class=\"elementor-element elementor-element-4c506963 e-con-full e-flex e-con e-child\" data-id=\"4c506963\" data-element_type=\"container\" data-e-type=\"container\" data-settings=\"{&quot;background_background&quot;:&quot;classic&quot;}\">\n\t\t\t\t<div class=\"elementor-element elementor-element-57de52e2 elementor-widget elementor-widget-heading\" data-id=\"57de52e2\" data-element_type=\"widget\" data-e-type=\"widget\" data-widget_type=\"heading.default\">\n\t\t\t\t<div class=\"elementor-widget-container\">\n\t\t\t\t\t<h3 class=\"elementor-heading-title elementor-size-default\">Campus V\u00e4stra Skaraborg \u2013 n\u00e5gra exempel p\u00e5 det breda utbudet av kurser och utbildningar<\/h3>\t\t\t\t<\/div>\n\t\t\t\t<\/div>\n\t\t\t\t<div class=\"elementor-element elementor-element-2ef138a5 elementor-widget elementor-widget-text-editor\" data-id=\"2ef138a5\" data-element_type=\"widget\" data-e-type=\"widget\" data-widget_type=\"text-editor.default\">\n\t\t\t\t<div class=\"elementor-widget-container\">\n\t\t\t\t\t\t\t\t\t<p class=\"p1\"><span class=\"s1\"><b>Grundl\u00e4ggande och gymnasial\u00a0<\/b><\/span>&#8211; frist\u00e5ende kurser f\u00f6r elever som beh\u00f6ver f\u00e5 en gymnasieexamen, eller som beh\u00f6ver kurser f\u00f6r s\u00e4rskild beh\u00f6righet till h\u00f6gskola eller universitet.<\/p><p class=\"p1\"><span class=\"s1\"><b>Svenska f\u00f6r invandrare (SFI)\u00a0<\/b><\/span>\u00e4r en grundl\u00e4ggande utbildning i det svenska spr\u00e5ket.<\/p><p class=\"p1\"><span class=\"s2\"><b>Anpassad utbildning f\u00f6r vuxna\u00a0<\/b><\/span><span class=\"s3\">\u00e4r en skolform som omfattar utbildning p\u00e5 grundl\u00e4ggande och gymnasial niv\u00e5. H\u00e4r erbjuds \u00e4ven l\u00e4rlingsutbildning. Anpassad utbildning \u00e4r f\u00f6r vuxna som har en intellektuell funktionsneds\u00e4ttning.<\/span><\/p><p class=\"p1\"><span class=\"s1\"><b>Yrkesutbildning:\u00a0<\/b><\/span>Yrkesutbildning p\u00e5 gymnasieniv\u00e5 d\u00e4r man varvar teori med Arbetsplatsf\u00f6rlagt l\u00e4rande (APL).<\/p><p class=\"p1\"><span class=\"s2\"><b>Yrkesh\u00f6gskola\u00a0<\/b><\/span><span class=\"s3\">(YH) \u00e4r en eftergymnasial utbildningsform som kombinerar teori med praktik och genomf\u00f6rs i n\u00e4ra samarbete med arbetslivet, d\u00e4r praktiskt l\u00e4rande p\u00e5 en arbetsplats ing\u00e5r.<\/span><\/p><p class=\"p1\"><span class=\"s2\"><b>Nationell yrkesutbildning\u00a0<\/b><\/span><span class=\"s3\">(NY) \u00e4r en ny form av yrkesutbildning p\u00e5 gymnasial niv\u00e5 f\u00f6r vuxna. Utbildningarna ska m\u00f6ta arbetslivets behov och syftar till att den studerande snabbt ska komma i arbete inom bristyrken.<\/span><\/p><p class=\"p1\"><span class=\"s2\"><b>H\u00f6gskola\u00a0<\/b><\/span><span class=\"s3\">\u00e4r en utbildning p\u00e5 eftergymnasial niv\u00e5 som ska vila p\u00e5 vetenskaplig eller konstn\u00e4rlig grund. Campus v\u00e4stra Skaraborg samarbetar med flera olika h\u00f6gskolor\/universitet runt om i Sverige. H\u00e4r erbjuds program och kurser d\u00e4r eleven kan l\u00e4sa via Lidk\u00f6pings kommun (Campus v\u00e4stra Skaraborg) och ta del av f\u00f6rel\u00e4sningar och seminarier via digitala s\u00e4ndningar i v\u00e5ra lokaler.<\/span><\/p>\t\t\t\t\t\t\t\t<\/div>\n\t\t\t\t<\/div>\n\t\t\t\t<\/div>\n\t\t\t\t\t<\/div>\n\t\t\t\t<\/div>\n\t\t<div class=\"elementor-element elementor-element-74759f0e e-flex e-con-boxed e-con e-parent\" data-id=\"74759f0e\" data-element_type=\"container\" data-e-type=\"container\">\n\t\t\t\t\t<div class=\"e-con-inner\">\n\t\t\t\t<div class=\"elementor-element elementor-element-606acb86 elementor-widget elementor-widget-image\" data-id=\"606acb86\" data-element_type=\"widget\" data-e-type=\"widget\" data-widget_type=\"image.default\">\n\t\t\t\t<div class=\"elementor-widget-container\">\n\t\t\t\t\t\t\t\t\t\t\t\t\t\t\t<img loading=\"lazy\" decoding=\"async\" width=\"400\" height=\"137\" src=\"https:\/\/lidkopingutvecklas.se\/wp-content\/uploads\/2025\/06\/cvs-logo.png\" class=\"attachment-full size-full wp-image-70\" alt=\"\" srcset=\"https:\/\/lidkopingutvecklas.se\/wp-content\/uploads\/2025\/06\/cvs-logo.png 400w, https:\/\/lidkopingutvecklas.se\/wp-content\/uploads\/2025\/06\/cvs-logo-300x103.png 300w\" sizes=\"(max-width: 400px) 100vw, 400px\" \/>\t\t\t\t\t\t\t\t\t\t\t\t\t\t\t<\/div>\n\t\t\t\t<\/div>\n\t\t\t\t<div class=\"elementor-element elementor-element-3e984cc5 elementor-widget elementor-widget-text-editor\" data-id=\"3e984cc5\" data-element_type=\"widget\" data-e-type=\"widget\" data-widget_type=\"text-editor.default\">\n\t\t\t\t<div class=\"elementor-widget-container\">\n\t\t\t\t\t\t\t\t\t<p>L\u00e4s mer p\u00e5 <strong><a href=\"https:\/\/lidkoping.se\/campus\/start\" target=\"_blank\" rel=\"noopener\">lidkoping.se\/campus\/start<\/a><\/strong><\/p>\t\t\t\t\t\t\t\t<\/div>\n\t\t\t\t<\/div>\n\t\t\t\t\t<\/div>\n\t\t\t\t<\/div>\n\t\t<div class=\"elementor-element elementor-element-224ed5b e-flex e-con-boxed e-con e-parent\" data-id=\"224ed5b\" data-element_type=\"container\" data-e-type=\"container\">\n\t\t\t\t\t<div class=\"e-con-inner\">\n\t\t\t\t<div class=\"elementor-element elementor-element-76a3b762 elementor-widget elementor-widget-heading\" data-id=\"76a3b762\" data-element_type=\"widget\" data-e-type=\"widget\" data-widget_type=\"heading.default\">\n\t\t\t\t<div class=\"elementor-widget-container\">\n\t\t\t\t\t<div class=\"elementor-heading-title elementor-size-default\">Dela artikeln<\/div>\t\t\t\t<\/div>\n\t\t\t\t<\/div>\n\t\t\t\t<div class=\"elementor-element elementor-element-7d1f3814 elementor-share-buttons--view-icon elementor-share-buttons--skin-minimal elementor-share-buttons--shape-circle elementor-share-buttons--color-custom elementor-grid-0 elementor-widget elementor-widget-share-buttons\" data-id=\"7d1f3814\" data-element_type=\"widget\" data-e-type=\"widget\" data-widget_type=\"share-buttons.default\">\n\t\t\t\t<div class=\"elementor-widget-container\">\n\t\t\t\t\t\t\t<div class=\"elementor-grid\" role=\"list\">\n\t\t\t\t\t\t\t\t<div class=\"elementor-grid-item\" role=\"listitem\">\n\t\t\t\t\t\t<div class=\"elementor-share-btn elementor-share-btn_email\" role=\"button\" tabindex=\"0\" aria-label=\"Dela p\u00e5 email\">\n\t\t\t\t\t\t\t\t\t\t\t\t\t\t\t<span class=\"elementor-share-btn__icon\">\n\t\t\t\t\t\t\t\t<svg aria-hidden=\"true\" class=\"e-font-icon-svg e-fas-envelope\" viewBox=\"0 0 512 512\" xmlns=\"http:\/\/www.w3.org\/2000\/svg\"><path d=\"M502.3 190.8c3.9-3.1 9.7-.2 9.7 4.7V400c0 26.5-21.5 48-48 48H48c-26.5 0-48-21.5-48-48V195.6c0-5 5.7-7.8 9.7-4.7 22.4 17.4 52.1 39.5 154.1 113.6 21.1 15.4 56.7 47.8 92.2 47.6 35.7.3 72-32.8 92.3-47.6 102-74.1 131.6-96.3 154-113.7zM256 320c23.2.4 56.6-29.2 73.4-41.4 132.7-96.3 142.8-104.7 173.4-128.7 5.8-4.5 9.2-11.5 9.2-18.9v-19c0-26.5-21.5-48-48-48H48C21.5 64 0 85.5 0 112v19c0 7.4 3.4 14.3 9.2 18.9 30.6 23.9 40.7 32.4 173.4 128.7 16.8 12.2 50.2 41.8 73.4 41.4z\"><\/path><\/svg>\t\t\t\t\t\t\t<\/span>\n\t\t\t\t\t\t\t\t\t\t\t\t\t\t\t\t\t\t\t\t<\/div>\n\t\t\t\t\t<\/div>\n\t\t\t\t\t\t\t\t\t<div class=\"elementor-grid-item\" role=\"listitem\">\n\t\t\t\t\t\t<div class=\"elementor-share-btn elementor-share-btn_facebook\" role=\"button\" tabindex=\"0\" aria-label=\"Dela p\u00e5 facebook\">\n\t\t\t\t\t\t\t\t\t\t\t\t\t\t\t<span class=\"elementor-share-btn__icon\">\n\t\t\t\t\t\t\t\t<svg aria-hidden=\"true\" class=\"e-font-icon-svg e-fab-facebook\" viewBox=\"0 0 512 512\" xmlns=\"http:\/\/www.w3.org\/2000\/svg\"><path d=\"M504 256C504 119 393 8 256 8S8 119 8 256c0 123.78 90.69 226.38 209.25 245V327.69h-63V256h63v-54.64c0-62.15 37-96.48 93.67-96.48 27.14 0 55.52 4.84 55.52 4.84v61h-31.28c-30.8 0-40.41 19.12-40.41 38.73V256h68.78l-11 71.69h-57.78V501C413.31 482.38 504 379.78 504 256z\"><\/path><\/svg>\t\t\t\t\t\t\t<\/span>\n\t\t\t\t\t\t\t\t\t\t\t\t\t\t\t\t\t\t\t\t<\/div>\n\t\t\t\t\t<\/div>\n\t\t\t\t\t\t\t\t\t<div class=\"elementor-grid-item\" role=\"listitem\">\n\t\t\t\t\t\t<div class=\"elementor-share-btn elementor-share-btn_x-twitter\" role=\"button\" tabindex=\"0\" aria-label=\"Dela p\u00e5 x-twitter\">\n\t\t\t\t\t\t\t\t\t\t\t\t\t\t\t<span class=\"elementor-share-btn__icon\">\n\t\t\t\t\t\t\t\t<svg aria-hidden=\"true\" class=\"e-font-icon-svg e-fab-x-twitter\" viewBox=\"0 0 512 512\" xmlns=\"http:\/\/www.w3.org\/2000\/svg\"><path d=\"M389.2 48h70.6L305.6 224.2 487 464H345L233.7 318.6 106.5 464H35.8L200.7 275.5 26.8 48H172.4L272.9 180.9 389.2 48zM364.4 421.8h39.1L151.1 88h-42L364.4 421.8z\"><\/path><\/svg>\t\t\t\t\t\t\t<\/span>\n\t\t\t\t\t\t\t\t\t\t\t\t\t\t\t\t\t\t\t\t<\/div>\n\t\t\t\t\t<\/div>\n\t\t\t\t\t\t\t\t\t<div class=\"elementor-grid-item\" role=\"listitem\">\n\t\t\t\t\t\t<div class=\"elementor-share-btn elementor-share-btn_linkedin\" role=\"button\" tabindex=\"0\" aria-label=\"Dela p\u00e5 linkedin\">\n\t\t\t\t\t\t\t\t\t\t\t\t\t\t\t<span class=\"elementor-share-btn__icon\">\n\t\t\t\t\t\t\t\t<svg aria-hidden=\"true\" class=\"e-font-icon-svg e-fab-linkedin\" viewBox=\"0 0 448 512\" xmlns=\"http:\/\/www.w3.org\/2000\/svg\"><path d=\"M416 32H31.9C14.3 32 0 46.5 0 64.3v383.4C0 465.5 14.3 480 31.9 480H416c17.6 0 32-14.5 32-32.3V64.3c0-17.8-14.4-32.3-32-32.3zM135.4 416H69V202.2h66.5V416zm-33.2-243c-21.3 0-38.5-17.3-38.5-38.5S80.9 96 102.2 96c21.2 0 38.5 17.3 38.5 38.5 0 21.3-17.2 38.5-38.5 38.5zm282.1 243h-66.4V312c0-24.8-.5-56.7-34.5-56.7-34.6 0-39.9 27-39.9 54.9V416h-66.4V202.2h63.7v29.2h.9c8.9-16.8 30.6-34.5 62.9-34.5 67.2 0 79.7 44.3 79.7 101.9V416z\"><\/path><\/svg>\t\t\t\t\t\t\t<\/span>\n\t\t\t\t\t\t\t\t\t\t\t\t\t\t\t\t\t\t\t\t<\/div>\n\t\t\t\t\t<\/div>\n\t\t\t\t\t\t<\/div>\n\t\t\t\t\t\t<\/div>\n\t\t\t\t<\/div>\n\t\t\t\t\t<\/div>\n\t\t\t\t<\/div>\n\t\t\t\t<\/div>\n\t\t","protected":false},"excerpt":{"rendered":"<p>Den h\u00e4r sidan \u00e4r en annons Campus v\u00e4stra Skaraborg hj\u00e4lper dig att ta steget in i framtiden Hur ser framtiden ut? Ska jag byta yrkesbana, l\u00e4ra mig n\u00e5got nytt, eller komplettera mina gymnasiebetyg f\u00f6r h\u00f6gre studier? Var du \u00e4n befinner dig i livet, finns vi h\u00e4r f\u00f6r dig. Campus v\u00e4stra Skaraborg kan ta dig vidare [&hellip;]<\/p>\n","protected":false},"author":2,"featured_media":90,"parent":0,"menu_order":0,"comment_status":"closed","ping_status":"closed","template":"elementor_theme","meta":{"footnotes":""},"class_list":["post-132","page","type-page","status-publish","has-post-thumbnail","hentry"],"_links":{"self":[{"href":"https:\/\/lidkopingutvecklas.se\/index.php\/wp-json\/wp\/v2\/pages\/132","targetHints":{"allow":["GET"]}}],"collection":[{"href":"https:\/\/lidkopingutvecklas.se\/index.php\/wp-json\/wp\/v2\/pages"}],"about":[{"href":"https:\/\/lidkopingutvecklas.se\/index.php\/wp-json\/wp\/v2\/types\/page"}],"author":[{"embeddable":true,"href":"https:\/\/lidkopingutvecklas.se\/index.php\/wp-json\/wp\/v2\/users\/2"}],"replies":[{"embeddable":true,"href":"https:\/\/lidkopingutvecklas.se\/index.php\/wp-json\/wp\/v2\/comments?post=132"}],"version-history":[{"count":13,"href":"https:\/\/lidkopingutvecklas.se\/index.php\/wp-json\/wp\/v2\/pages\/132\/revisions"}],"predecessor-version":[{"id":187,"href":"https:\/\/lidkopingutvecklas.se\/index.php\/wp-json\/wp\/v2\/pages\/132\/revisions\/187"}],"wp:featuredmedia":[{"embeddable":true,"href":"https:\/\/lidkopingutvecklas.se\/index.php\/wp-json\/wp\/v2\/media\/90"}],"wp:attachment":[{"href":"https:\/\/lidkopingutvecklas.se\/index.php\/wp-json\/wp\/v2\/media?parent=132"}],"curies":[{"name":"wp","href":"https:\/\/api.w.org\/{rel}","templated":true}]}}