{"id":121,"date":"2025-06-19T07:49:24","date_gmt":"2025-06-19T07:49:24","guid":{"rendered":"https:\/\/lidkopingutvecklas.se\/?page_id=121"},"modified":"2025-06-19T09:17:37","modified_gmt":"2025-06-19T09:17:37","slug":"tillsammans-bygger-vi-framtidens-lidkoping","status":"publish","type":"page","link":"https:\/\/lidkopingutvecklas.se\/index.php\/tillsammans-bygger-vi-framtidens-lidkoping\/","title":{"rendered":"Tillsammans bygger vi framtidens Lidk\u00f6ping"},"content":{"rendered":"\t\t<div data-elementor-type=\"wp-page\" data-elementor-id=\"121\" class=\"elementor elementor-121\" data-elementor-post-type=\"page\">\n\t\t\t\t<div class=\"elementor-element elementor-element-2648f25d e-flex e-con-boxed e-con e-parent\" data-id=\"2648f25d\" data-element_type=\"container\" data-e-type=\"container\">\n\t\t\t\t\t<div class=\"e-con-inner\">\n\t\t\t\t<div class=\"elementor-element elementor-element-240309f elementor-widget elementor-widget-heading\" data-id=\"240309f\" data-element_type=\"widget\" data-e-type=\"widget\" data-widget_type=\"heading.default\">\n\t\t\t\t<div class=\"elementor-widget-container\">\n\t\t\t\t\t<h1 class=\"elementor-heading-title elementor-size-default\">Tillsammans bygger vi framtidens Lidk\u00f6ping<\/h1>\t\t\t\t<\/div>\n\t\t\t\t<\/div>\n\t\t\t\t<div class=\"elementor-element elementor-element-58654762 elementor-widget elementor-widget-theme-post-featured-image elementor-widget-image\" data-id=\"58654762\" data-element_type=\"widget\" data-e-type=\"widget\" data-widget_type=\"theme-post-featured-image.default\">\n\t\t\t\t<div class=\"elementor-widget-container\">\n\t\t\t\t\t\t\t\t\t\t\t\t<figure class=\"wp-caption\">\n\t\t\t\t\t\t\t\t\t\t<img fetchpriority=\"high\" decoding=\"async\" width=\"2048\" height=\"1365\" src=\"https:\/\/lidkopingutvecklas.se\/wp-content\/uploads\/2025\/06\/lidkoping-flygbild.webp\" class=\"attachment-full size-full wp-image-86\" alt=\"\" srcset=\"https:\/\/lidkopingutvecklas.se\/wp-content\/uploads\/2025\/06\/lidkoping-flygbild.webp 2048w, https:\/\/lidkopingutvecklas.se\/wp-content\/uploads\/2025\/06\/lidkoping-flygbild-300x200.webp 300w, https:\/\/lidkopingutvecklas.se\/wp-content\/uploads\/2025\/06\/lidkoping-flygbild-1024x683.webp 1024w, https:\/\/lidkopingutvecklas.se\/wp-content\/uploads\/2025\/06\/lidkoping-flygbild-768x512.webp 768w, https:\/\/lidkopingutvecklas.se\/wp-content\/uploads\/2025\/06\/lidkoping-flygbild-1536x1024.webp 1536w\" sizes=\"(max-width: 2048px) 100vw, 2048px\" \/>\t\t\t\t\t\t\t\t\t\t\t<figcaption class=\"widget-image-caption wp-caption-text\">Foto: Lidk\u00f6pings kommun<\/figcaption>\n\t\t\t\t\t\t\t\t\t\t<\/figure>\n\t\t\t\t\t\t\t\t\t<\/div>\n\t\t\t\t<\/div>\n\t\t\t\t\t<\/div>\n\t\t\t\t<\/div>\n\t\t<div class=\"elementor-element elementor-element-1a8161d e-flex e-con-boxed e-con e-parent\" data-id=\"1a8161d\" data-element_type=\"container\" data-e-type=\"container\">\n\t\t\t\t\t<div class=\"e-con-inner\">\n\t\t\t\t<div class=\"elementor-element elementor-element-208e4b0b elementor-widget elementor-widget-text-editor\" data-id=\"208e4b0b\" data-element_type=\"widget\" data-e-type=\"widget\" data-widget_type=\"text-editor.default\">\n\t\t\t\t<div class=\"elementor-widget-container\">\n\t\t\t\t\t\t\t\t\t<p>Lidk\u00f6ping v\u00e4xer p\u00e5 m\u00e5nga s\u00e4tt! Det spelar n\u00e4stan ingen roll var i v\u00e5r kommun som jag r\u00f6r mig. Jag m\u00f6ts av en otrolig vilja och energi att utveckla och det k\u00e4nns verkligen bra!<\/p>\t\t\t\t\t\t\t\t<\/div>\n\t\t\t\t<\/div>\n\t\t\t\t<div class=\"elementor-element elementor-element-509aa7e2 elementor-widget elementor-widget-text-editor\" data-id=\"509aa7e2\" data-element_type=\"widget\" data-e-type=\"widget\" data-widget_type=\"text-editor.default\">\n\t\t\t\t<div class=\"elementor-widget-container\">\n\t\t\t\t\t\t\t\t\t<p class=\"p1\"><span class=\"s1\"><b>V\u00e5rt fokus \u00e4r tydligt: <\/b><\/span>vi satsar p\u00e5 tillv\u00e4xt, v\u00e5gar dr\u00f6mma stort och bygger stadigt f\u00f6r kommande generationer. Vi har en bra utg\u00e5ngspunkt och kan se tillbaka p\u00e5 en stabil utveckling av Lidk\u00f6ping sedan m\u00e5nga \u00e5r.<\/p><p class=\"p2\">Nu siktar vi fram\u00e5t! Visionen \u00e4r att vi ska bli 50\u2009000 inv\u00e5nare till 2045. Det \u00e4r en h\u00f6g m\u00e5ls\u00e4ttning d\u00e4r vi ska \u00f6ka med 10\u2009000 inv\u00e5nare under 20 \u00e5r och f\u00f6r att det ska kunna bli verklighet beh\u00f6ver alla hj\u00e4lpas \u00e5t, b\u00e5de kommunen, n\u00e4ringslivet och alla som bor och verkar i Lidk\u00f6ping och f\u00f6r den delen hela Skaraborg.<\/p><p class=\"p1\"><span class=\"s1\"><b>Ett av v\u00e5ra stora utvecklingsomr\u00e5den <\/b><\/span>\u00e4r Framn\u00e4s. Vi planerar f\u00f6r en ny badanl\u00e4ggning och en helt ny stadsdel med upp till 500 nya bost\u00e4der med en attraktiv blandning av l\u00e4genheter och stadsradhus, d\u00e4r n\u00e4rheten till V\u00e4nerns glittrande vatten s\u00e4tter tonen f\u00f6r vardag och fest. Tillsammans med Framn\u00e4s strandpark och v\u00e5r fantastiska strandpromenad med l\u00e5ngbrygga kommer det nya badet att bli m\u00f6tesplats f\u00f6r alla \u00e5ldrar och st\u00e4rka v\u00e5r position som ett attraktivt bes\u00f6ksm\u00e5l.<\/p><p class=\"p2\">Ocks\u00e5 v\u00e5r hamn \u00e4r p\u00e5 v\u00e4g att f\u00e5 en ny roll. Vi flyttar successivt \u00f6ver verksamhet fr\u00e5n V\u00e4stra till \u00d6stra hamnen och planerar f\u00f6r att kunna ta emot allt mer sj\u00f6fartstrafik. Med Lantm\u00e4nnens nya \u00e4rtproteinfabrik st\u00e4rker vi Lidk\u00f6ping som en viktig nod f\u00f6r framtidens livsmedelsproduktion och nya arbetstillf\u00e4llen skapas.<\/p><p class=\"p2\">Lidk\u00f6ping ska vara en plats d\u00e4r nya id\u00e9er kan spira och etablerade f\u00f6retag v\u00e4xa. Vi skapar f\u00f6ruts\u00e4ttningar f\u00f6r nyetableringar genom attraktiva verksamhetsomr\u00e5den, en effektiv myndighets\u00adut\u00f6vning och ett tydligt serviceerbjudande. Samtidigt investerar vi i utbildning och kompetens\u00adutveckling i samverkan med f\u00f6retagens kompetensbehov.<\/p>\t\t\t\t\t\t\t\t<\/div>\n\t\t\t\t<\/div>\n\t\t\t\t<div class=\"elementor-element elementor-element-50bdeb65 elementor-widget elementor-widget-image\" data-id=\"50bdeb65\" data-element_type=\"widget\" data-e-type=\"widget\" data-widget_type=\"image.default\">\n\t\t\t\t<div class=\"elementor-widget-container\">\n\t\t\t\t\t\t\t\t\t\t\t\t<figure class=\"wp-caption\">\n\t\t\t\t\t\t\t\t\t\t<img decoding=\"async\" width=\"2048\" height=\"1365\" src=\"https:\/\/lidkopingutvecklas.se\/wp-content\/uploads\/2025\/06\/Strandpromenaden.webp\" class=\"attachment-full size-full wp-image-106\" alt=\"\" srcset=\"https:\/\/lidkopingutvecklas.se\/wp-content\/uploads\/2025\/06\/Strandpromenaden.webp 2048w, https:\/\/lidkopingutvecklas.se\/wp-content\/uploads\/2025\/06\/Strandpromenaden-300x200.webp 300w, https:\/\/lidkopingutvecklas.se\/wp-content\/uploads\/2025\/06\/Strandpromenaden-1024x683.webp 1024w, https:\/\/lidkopingutvecklas.se\/wp-content\/uploads\/2025\/06\/Strandpromenaden-768x512.webp 768w, https:\/\/lidkopingutvecklas.se\/wp-content\/uploads\/2025\/06\/Strandpromenaden-1536x1024.webp 1536w\" sizes=\"(max-width: 2048px) 100vw, 2048px\" \/>\t\t\t\t\t\t\t\t\t\t\t<figcaption class=\"widget-image-caption wp-caption-text\">Foto: Lidk\u00f6pings kommun<\/figcaption>\n\t\t\t\t\t\t\t\t\t\t<\/figure>\n\t\t\t\t\t\t\t\t\t<\/div>\n\t\t\t\t<\/div>\n\t\t\t\t<div class=\"elementor-element elementor-element-3ff247f1 elementor-widget elementor-widget-text-editor\" data-id=\"3ff247f1\" data-element_type=\"widget\" data-e-type=\"widget\" data-widget_type=\"text-editor.default\">\n\t\t\t\t<div class=\"elementor-widget-container\">\n\t\t\t\t\t\t\t\t\t<p class=\"p1\"><span class=\"s1\"><b>P\u00e5 Kart\u00e5sens handelsomr\u00e5de <\/b><\/span>finns ledig tomtmark f\u00f6r handel och l\u00e4tt industri \u2013 ett strategiskt l\u00e4ge med goda logistikl\u00f6sningar som erbjuder natur\u00adliga m\u00f6jligheter f\u00f6r tillv\u00e4xt med planerade nya av- och p\u00e5farter till v\u00e4g 44 som underl\u00e4ttar f\u00f6r smidiga bes\u00f6k.\u00a0<\/p><p class=\"p2\">Parallellt forts\u00e4tter bostadsutvecklingen p\u00e5 andra platser i staden. Nya villatomter v\u00e4xer fram p\u00e5 Askesl\u00e4tt. I Sj\u00f6lunda planeras \u00f6ver hundra nya bost\u00e4der och m\u00e5nga projekt p\u00e5g\u00e5r som g\u00e4ller f\u00f6rt\u00e4tning av de centrala delarna av Lidk\u00f6ping. F\u00f6r att m\u00f6ta framtidens krav p\u00e5 h\u00e5llbarhet planerar vi dessutom ett nytt avloppsreningsverk \u2013 en investering som s\u00e4krar Lidk\u00f6pings fortsatta utveckling p\u00e5 ett ansvarsfullt och h\u00e5llbart s\u00e4tt.<\/p><p class=\"p2\">V\u00e5ra satsningar \u00e4r delar av en st\u00f6rre helhet.\u00a0En v\u00e4xande stad st\u00e4ller krav p\u00e5 att vi ser till bostadsbyggande, utbildning, h\u00e4lsa, milj\u00f6, kultur och infrastruktur. Varje investering bygger vidare p\u00e5 Lidk\u00f6pings historiska styrkor och framtida v\u00e4rden.<\/p><p class=\"p1\"><span class=\"s2\"><b>Vi \u00e4r stolta \u00f6ver <\/b><\/span><span class=\"s3\">det vi \u00e5stadkommer tillsammans \u2013 inte minst att vi tre \u00e5r i rad rankats bland Sveriges tre fr\u00e4msta i \u00c5rets Superkommun, som bed\u00f6mer den kommunala servicen vi ger till v\u00e5ra inv\u00e5nare. Det \u00e4r ett kvitto p\u00e5 att vi \u00e4r p\u00e5 r\u00e4tt v\u00e4g, men resan har bara b\u00f6rjat.<\/span><\/p><p class=\"p2\">Nu vill vi locka \u00e4nnu fler till v\u00e5r fantastiska stad och vi l\u00e4ngtar efter att ge fler m\u00e4nniskor chansen att skapa sig ett rikt liv i Lidk\u00f6ping. S\u00e5, vad v\u00e4ntar du p\u00e5? Tveka inte att ta kontakt med oss i Lidk\u00f6pings kommun!<\/p>\t\t\t\t\t\t\t\t<\/div>\n\t\t\t\t<\/div>\n\t\t\t\t<div class=\"elementor-element elementor-element-22e30115 elementor-widget elementor-widget-text-editor\" data-id=\"22e30115\" data-element_type=\"widget\" data-e-type=\"widget\" data-widget_type=\"text-editor.default\">\n\t\t\t\t<div class=\"elementor-widget-container\">\n\t\t\t\t\t\t\t\t\t<p><strong>Gustav Edvinsson (S),<\/strong> <br \/>Kommunstyrelsens ordf\u00f6rande Lidk\u00f6pings kommun<\/p>\t\t\t\t\t\t\t\t<\/div>\n\t\t\t\t<\/div>\n\t\t\t\t<div class=\"elementor-element elementor-element-8dee1f1 elementor-widget elementor-widget-image\" data-id=\"8dee1f1\" data-element_type=\"widget\" data-e-type=\"widget\" data-widget_type=\"image.default\">\n\t\t\t\t<div class=\"elementor-widget-container\">\n\t\t\t\t\t\t\t\t\t\t\t\t<figure class=\"wp-caption\">\n\t\t\t\t\t\t\t\t\t\t<img decoding=\"async\" width=\"2048\" height=\"1365\" src=\"https:\/\/lidkopingutvecklas.se\/wp-content\/uploads\/2025\/06\/Gustav-Edvinsson.webp\" class=\"attachment-full size-full wp-image-74\" alt=\"\" srcset=\"https:\/\/lidkopingutvecklas.se\/wp-content\/uploads\/2025\/06\/Gustav-Edvinsson.webp 2048w, https:\/\/lidkopingutvecklas.se\/wp-content\/uploads\/2025\/06\/Gustav-Edvinsson-300x200.webp 300w, https:\/\/lidkopingutvecklas.se\/wp-content\/uploads\/2025\/06\/Gustav-Edvinsson-1024x683.webp 1024w, https:\/\/lidkopingutvecklas.se\/wp-content\/uploads\/2025\/06\/Gustav-Edvinsson-768x512.webp 768w, https:\/\/lidkopingutvecklas.se\/wp-content\/uploads\/2025\/06\/Gustav-Edvinsson-1536x1024.webp 1536w\" sizes=\"(max-width: 2048px) 100vw, 2048px\" \/>\t\t\t\t\t\t\t\t\t\t\t<figcaption class=\"widget-image-caption wp-caption-text\">Foto: Lidk\u00f6pings kommun<\/figcaption>\n\t\t\t\t\t\t\t\t\t\t<\/figure>\n\t\t\t\t\t\t\t\t\t<\/div>\n\t\t\t\t<\/div>\n\t\t\t\t\t<\/div>\n\t\t\t\t<\/div>\n\t\t<div class=\"elementor-element elementor-element-7ebd9c67 e-flex e-con-boxed e-con e-parent\" data-id=\"7ebd9c67\" data-element_type=\"container\" data-e-type=\"container\">\n\t\t\t\t\t<div class=\"e-con-inner\">\n\t\t\t\t<div class=\"elementor-element elementor-element-4aee60d elementor-widget elementor-widget-heading\" data-id=\"4aee60d\" data-element_type=\"widget\" data-e-type=\"widget\" data-widget_type=\"heading.default\">\n\t\t\t\t<div class=\"elementor-widget-container\">\n\t\t\t\t\t<h3 class=\"elementor-heading-title elementor-size-default\">Dela artikeln<\/h3>\t\t\t\t<\/div>\n\t\t\t\t<\/div>\n\t\t\t\t<div class=\"elementor-element elementor-element-36d166ea elementor-share-buttons--view-icon elementor-share-buttons--skin-minimal elementor-share-buttons--shape-circle elementor-share-buttons--color-custom elementor-grid-0 elementor-widget elementor-widget-share-buttons\" data-id=\"36d166ea\" data-element_type=\"widget\" data-e-type=\"widget\" data-widget_type=\"share-buttons.default\">\n\t\t\t\t<div class=\"elementor-widget-container\">\n\t\t\t\t\t\t\t<div class=\"elementor-grid\" role=\"list\">\n\t\t\t\t\t\t\t\t<div class=\"elementor-grid-item\" role=\"listitem\">\n\t\t\t\t\t\t<div class=\"elementor-share-btn elementor-share-btn_email\" role=\"button\" tabindex=\"0\" aria-label=\"Dela p\u00e5 email\">\n\t\t\t\t\t\t\t\t\t\t\t\t\t\t\t<span class=\"elementor-share-btn__icon\">\n\t\t\t\t\t\t\t\t<svg aria-hidden=\"true\" class=\"e-font-icon-svg e-fas-envelope\" viewBox=\"0 0 512 512\" xmlns=\"http:\/\/www.w3.org\/2000\/svg\"><path d=\"M502.3 190.8c3.9-3.1 9.7-.2 9.7 4.7V400c0 26.5-21.5 48-48 48H48c-26.5 0-48-21.5-48-48V195.6c0-5 5.7-7.8 9.7-4.7 22.4 17.4 52.1 39.5 154.1 113.6 21.1 15.4 56.7 47.8 92.2 47.6 35.7.3 72-32.8 92.3-47.6 102-74.1 131.6-96.3 154-113.7zM256 320c23.2.4 56.6-29.2 73.4-41.4 132.7-96.3 142.8-104.7 173.4-128.7 5.8-4.5 9.2-11.5 9.2-18.9v-19c0-26.5-21.5-48-48-48H48C21.5 64 0 85.5 0 112v19c0 7.4 3.4 14.3 9.2 18.9 30.6 23.9 40.7 32.4 173.4 128.7 16.8 12.2 50.2 41.8 73.4 41.4z\"><\/path><\/svg>\t\t\t\t\t\t\t<\/span>\n\t\t\t\t\t\t\t\t\t\t\t\t\t\t\t\t\t\t\t\t<\/div>\n\t\t\t\t\t<\/div>\n\t\t\t\t\t\t\t\t\t<div class=\"elementor-grid-item\" role=\"listitem\">\n\t\t\t\t\t\t<div class=\"elementor-share-btn elementor-share-btn_facebook\" role=\"button\" tabindex=\"0\" aria-label=\"Dela p\u00e5 facebook\">\n\t\t\t\t\t\t\t\t\t\t\t\t\t\t\t<span class=\"elementor-share-btn__icon\">\n\t\t\t\t\t\t\t\t<svg aria-hidden=\"true\" class=\"e-font-icon-svg e-fab-facebook\" viewBox=\"0 0 512 512\" xmlns=\"http:\/\/www.w3.org\/2000\/svg\"><path d=\"M504 256C504 119 393 8 256 8S8 119 8 256c0 123.78 90.69 226.38 209.25 245V327.69h-63V256h63v-54.64c0-62.15 37-96.48 93.67-96.48 27.14 0 55.52 4.84 55.52 4.84v61h-31.28c-30.8 0-40.41 19.12-40.41 38.73V256h68.78l-11 71.69h-57.78V501C413.31 482.38 504 379.78 504 256z\"><\/path><\/svg>\t\t\t\t\t\t\t<\/span>\n\t\t\t\t\t\t\t\t\t\t\t\t\t\t\t\t\t\t\t\t<\/div>\n\t\t\t\t\t<\/div>\n\t\t\t\t\t\t\t\t\t<div class=\"elementor-grid-item\" role=\"listitem\">\n\t\t\t\t\t\t<div class=\"elementor-share-btn elementor-share-btn_x-twitter\" role=\"button\" tabindex=\"0\" aria-label=\"Dela p\u00e5 x-twitter\">\n\t\t\t\t\t\t\t\t\t\t\t\t\t\t\t<span class=\"elementor-share-btn__icon\">\n\t\t\t\t\t\t\t\t<svg aria-hidden=\"true\" class=\"e-font-icon-svg e-fab-x-twitter\" viewBox=\"0 0 512 512\" xmlns=\"http:\/\/www.w3.org\/2000\/svg\"><path d=\"M389.2 48h70.6L305.6 224.2 487 464H345L233.7 318.6 106.5 464H35.8L200.7 275.5 26.8 48H172.4L272.9 180.9 389.2 48zM364.4 421.8h39.1L151.1 88h-42L364.4 421.8z\"><\/path><\/svg>\t\t\t\t\t\t\t<\/span>\n\t\t\t\t\t\t\t\t\t\t\t\t\t\t\t\t\t\t\t\t<\/div>\n\t\t\t\t\t<\/div>\n\t\t\t\t\t\t\t\t\t<div class=\"elementor-grid-item\" role=\"listitem\">\n\t\t\t\t\t\t<div class=\"elementor-share-btn elementor-share-btn_linkedin\" role=\"button\" tabindex=\"0\" aria-label=\"Dela p\u00e5 linkedin\">\n\t\t\t\t\t\t\t\t\t\t\t\t\t\t\t<span class=\"elementor-share-btn__icon\">\n\t\t\t\t\t\t\t\t<svg aria-hidden=\"true\" class=\"e-font-icon-svg e-fab-linkedin\" viewBox=\"0 0 448 512\" xmlns=\"http:\/\/www.w3.org\/2000\/svg\"><path d=\"M416 32H31.9C14.3 32 0 46.5 0 64.3v383.4C0 465.5 14.3 480 31.9 480H416c17.6 0 32-14.5 32-32.3V64.3c0-17.8-14.4-32.3-32-32.3zM135.4 416H69V202.2h66.5V416zm-33.2-243c-21.3 0-38.5-17.3-38.5-38.5S80.9 96 102.2 96c21.2 0 38.5 17.3 38.5 38.5 0 21.3-17.2 38.5-38.5 38.5zm282.1 243h-66.4V312c0-24.8-.5-56.7-34.5-56.7-34.6 0-39.9 27-39.9 54.9V416h-66.4V202.2h63.7v29.2h.9c8.9-16.8 30.6-34.5 62.9-34.5 67.2 0 79.7 44.3 79.7 101.9V416z\"><\/path><\/svg>\t\t\t\t\t\t\t<\/span>\n\t\t\t\t\t\t\t\t\t\t\t\t\t\t\t\t\t\t\t\t<\/div>\n\t\t\t\t\t<\/div>\n\t\t\t\t\t\t<\/div>\n\t\t\t\t\t\t<\/div>\n\t\t\t\t<\/div>\n\t\t\t\t\t<\/div>\n\t\t\t\t<\/div>\n\t\t\t\t<\/div>\n\t\t","protected":false},"excerpt":{"rendered":"<p>Tillsammans bygger vi framtidens Lidk\u00f6ping Lidk\u00f6ping v\u00e4xer p\u00e5 m\u00e5nga s\u00e4tt! Det spelar n\u00e4stan ingen roll var i v\u00e5r kommun som jag r\u00f6r mig. Jag m\u00f6ts av en otrolig vilja och energi att utveckla och det k\u00e4nns verkligen bra! V\u00e5rt fokus \u00e4r tydligt: vi satsar p\u00e5 tillv\u00e4xt, v\u00e5gar dr\u00f6mma stort och bygger stadigt f\u00f6r kommande generationer. [&hellip;]<\/p>\n","protected":false},"author":2,"featured_media":86,"parent":0,"menu_order":0,"comment_status":"closed","ping_status":"closed","template":"elementor_theme","meta":{"footnotes":""},"class_list":["post-121","page","type-page","status-publish","has-post-thumbnail","hentry"],"_links":{"self":[{"href":"https:\/\/lidkopingutvecklas.se\/index.php\/wp-json\/wp\/v2\/pages\/121","targetHints":{"allow":["GET"]}}],"collection":[{"href":"https:\/\/lidkopingutvecklas.se\/index.php\/wp-json\/wp\/v2\/pages"}],"about":[{"href":"https:\/\/lidkopingutvecklas.se\/index.php\/wp-json\/wp\/v2\/types\/page"}],"author":[{"embeddable":true,"href":"https:\/\/lidkopingutvecklas.se\/index.php\/wp-json\/wp\/v2\/users\/2"}],"replies":[{"embeddable":true,"href":"https:\/\/lidkopingutvecklas.se\/index.php\/wp-json\/wp\/v2\/comments?post=121"}],"version-history":[{"count":16,"href":"https:\/\/lidkopingutvecklas.se\/index.php\/wp-json\/wp\/v2\/pages\/121\/revisions"}],"predecessor-version":[{"id":199,"href":"https:\/\/lidkopingutvecklas.se\/index.php\/wp-json\/wp\/v2\/pages\/121\/revisions\/199"}],"wp:featuredmedia":[{"embeddable":true,"href":"https:\/\/lidkopingutvecklas.se\/index.php\/wp-json\/wp\/v2\/media\/86"}],"wp:attachment":[{"href":"https:\/\/lidkopingutvecklas.se\/index.php\/wp-json\/wp\/v2\/media?parent=121"}],"curies":[{"name":"wp","href":"https:\/\/api.w.org\/{rel}","templated":true}]}}